{"id":1045,"date":"2016-06-20T12:31:07","date_gmt":"2016-06-20T12:31:07","guid":{"rendered":"http:\/\/budapest.degrowth.org\/?page_id=1045"},"modified":"2016-08-19T13:26:21","modified_gmt":"2016-08-19T13:26:21","slug":"degrowth-week-partner-venues","status":"publish","type":"page","link":"https:\/\/budapest.degrowth.org\/?page_id=1045","title":{"rendered":"Degrowth Week Partner Venues"},"content":{"rendered":"<div class=\"synved-social-container synved-social-container-share\" style=\"text-align: right\"><a class=\"synved-social-button synved-social-button-share synved-social-size-16 synved-social-resolution-single synved-social-provider-facebook nolightbox\" data-provider=\"facebook\" target=\"_blank\" rel=\"nofollow\" title=\"Share on Facebook\" href=\"https:\/\/www.facebook.com\/sharer.php?u=https%3A%2F%2Fbudapest.degrowth.org%2Findex.php%3Frest_route%3D%252Fwp%252Fv2%252Fpages%252F1045&#038;t=Degrowth%20Week%20Partner%20Venues&#038;s=100&#038;p&#091;url&#093;=https%3A%2F%2Fbudapest.degrowth.org%2Findex.php%3Frest_route%3D%252Fwp%252Fv2%252Fpages%252F1045&#038;p&#091;images&#093;&#091;0&#093;=http%3A%2F%2Fbudapest.degrowth.org%2Fwp-content%2Fuploads%2Fsites%2F2%2F2016%2F06%2Faurora-150x150.png&#038;p&#091;title&#093;=Degrowth%20Week%20Partner%20Venues\" style=\"font-size: 0px; width:16px;height:16px;margin:0;margin-bottom:5px;margin-right:5px;\"><img alt=\"Facebook\" title=\"Share on Facebook\" class=\"synved-share-image synved-social-image synved-social-image-share\" width=\"16\" height=\"16\" style=\"display: inline; width:16px;height:16px; margin: 0; padding: 0; border: none; box-shadow: none;\" src=\"https:\/\/budapest.degrowth.org\/wp-content\/plugins\/social-media-feather\/synved-social\/image\/social\/regular\/32x32\/facebook.png\" \/><\/a><a class=\"synved-social-button synved-social-button-share synved-social-size-16 synved-social-resolution-single synved-social-provider-twitter nolightbox\" data-provider=\"twitter\" target=\"_blank\" rel=\"nofollow\" title=\"Share on Twitter\" href=\"https:\/\/twitter.com\/intent\/tweet?url=https%3A%2F%2Fbudapest.degrowth.org%2Findex.php%3Frest_route%3D%252Fwp%252Fv2%252Fpages%252F1045&#038;text=Hey%20check%20this%20out\" style=\"font-size: 0px; width:16px;height:16px;margin:0;margin-bottom:5px;margin-right:5px;\"><img alt=\"twitter\" title=\"Share on Twitter\" class=\"synved-share-image synved-social-image synved-social-image-share\" width=\"16\" height=\"16\" style=\"display: inline; width:16px;height:16px; margin: 0; padding: 0; border: none; box-shadow: none;\" src=\"https:\/\/budapest.degrowth.org\/wp-content\/plugins\/social-media-feather\/synved-social\/image\/social\/regular\/32x32\/twitter.png\" \/><\/a><a class=\"synved-social-button synved-social-button-share synved-social-size-16 synved-social-resolution-single synved-social-provider-reddit nolightbox\" data-provider=\"reddit\" target=\"_blank\" rel=\"nofollow\" title=\"Share on Reddit\" href=\"https:\/\/www.reddit.com\/submit?url=https%3A%2F%2Fbudapest.degrowth.org%2Findex.php%3Frest_route%3D%252Fwp%252Fv2%252Fpages%252F1045&#038;title=Degrowth%20Week%20Partner%20Venues\" style=\"font-size: 0px; width:16px;height:16px;margin:0;margin-bottom:5px;margin-right:5px;\"><img alt=\"reddit\" title=\"Share on Reddit\" class=\"synved-share-image synved-social-image synved-social-image-share\" width=\"16\" height=\"16\" style=\"display: inline; width:16px;height:16px; margin: 0; padding: 0; border: none; box-shadow: none;\" src=\"https:\/\/budapest.degrowth.org\/wp-content\/plugins\/social-media-feather\/synved-social\/image\/social\/regular\/32x32\/reddit.png\" \/><\/a><a class=\"synved-social-button synved-social-button-share synved-social-size-16 synved-social-resolution-single synved-social-provider-pinterest nolightbox\" data-provider=\"pinterest\" target=\"_blank\" rel=\"nofollow\" title=\"Pin it with Pinterest\" href=\"https:\/\/pinterest.com\/pin\/create\/button\/?url=https%3A%2F%2Fbudapest.degrowth.org%2Findex.php%3Frest_route%3D%252Fwp%252Fv2%252Fpages%252F1045&#038;media=http%3A%2F%2Fbudapest.degrowth.org%2Fwp-content%2Fuploads%2Fsites%2F2%2F2016%2F06%2Faurora-150x150.png&#038;description=Degrowth%20Week%20Partner%20Venues\" style=\"font-size: 0px; width:16px;height:16px;margin:0;margin-bottom:5px;margin-right:5px;\"><img alt=\"pinterest\" title=\"Pin it with Pinterest\" class=\"synved-share-image synved-social-image synved-social-image-share\" width=\"16\" height=\"16\" style=\"display: inline; width:16px;height:16px; margin: 0; padding: 0; border: none; box-shadow: none;\" src=\"https:\/\/budapest.degrowth.org\/wp-content\/plugins\/social-media-feather\/synved-social\/image\/social\/regular\/32x32\/pinterest.png\" \/><\/a><a class=\"synved-social-button synved-social-button-share synved-social-size-16 synved-social-resolution-single synved-social-provider-linkedin nolightbox\" data-provider=\"linkedin\" target=\"_blank\" rel=\"nofollow\" title=\"Share on Linkedin\" href=\"https:\/\/www.linkedin.com\/shareArticle?mini=true&#038;url=https%3A%2F%2Fbudapest.degrowth.org%2Findex.php%3Frest_route%3D%252Fwp%252Fv2%252Fpages%252F1045&#038;title=Degrowth%20Week%20Partner%20Venues\" style=\"font-size: 0px; width:16px;height:16px;margin:0;margin-bottom:5px;margin-right:5px;\"><img alt=\"linkedin\" title=\"Share on Linkedin\" class=\"synved-share-image synved-social-image synved-social-image-share\" width=\"16\" height=\"16\" style=\"display: inline; width:16px;height:16px; margin: 0; padding: 0; border: none; box-shadow: none;\" src=\"https:\/\/budapest.degrowth.org\/wp-content\/plugins\/social-media-feather\/synved-social\/image\/social\/regular\/32x32\/linkedin.png\" \/><\/a><a class=\"synved-social-button synved-social-button-share synved-social-size-16 synved-social-resolution-single synved-social-provider-tumblr nolightbox\" data-provider=\"tumblr\" target=\"_blank\" rel=\"nofollow\" title=\"Share on tumblr\" href=\"https:\/\/tumblr.com\/share?s=&#038;v=3&#038;t=Degrowth%20Week%20Partner%20Venues&#038;u=https%3A%2F%2Fbudapest.degrowth.org%2Findex.php%3Frest_route%3D%252Fwp%252Fv2%252Fpages%252F1045\" style=\"font-size: 0px; width:16px;height:16px;margin:0;margin-bottom:5px;margin-right:5px;\"><img alt=\"tumblr\" title=\"Share on tumblr\" class=\"synved-share-image synved-social-image synved-social-image-share\" width=\"16\" height=\"16\" style=\"display: inline; width:16px;height:16px; margin: 0; padding: 0; border: none; box-shadow: none;\" src=\"https:\/\/budapest.degrowth.org\/wp-content\/plugins\/social-media-feather\/synved-social\/image\/social\/regular\/32x32\/tumblr.png\" \/><\/a><a class=\"synved-social-button synved-social-button-share synved-social-size-16 synved-social-resolution-single synved-social-provider-mail nolightbox\" data-provider=\"mail\" rel=\"nofollow\" title=\"Share by email\" href=\"mailto:?subject=Degrowth%20Week%20Partner%20Venues&#038;body=Hey%20check%20this%20out:%20https%3A%2F%2Fbudapest.degrowth.org%2Findex.php%3Frest_route%3D%252Fwp%252Fv2%252Fpages%252F1045\" style=\"font-size: 0px; width:16px;height:16px;margin:0;margin-bottom:5px;margin-right:5px;\"><img alt=\"mail\" title=\"Share by email\" class=\"synved-share-image synved-social-image synved-social-image-share\" width=\"16\" height=\"16\" style=\"display: inline; width:16px;height:16px; margin: 0; padding: 0; border: none; box-shadow: none;\" src=\"https:\/\/budapest.degrowth.org\/wp-content\/plugins\/social-media-feather\/synved-social\/image\/social\/regular\/32x32\/mail.png\" \/><\/a><\/div><table>\n<tbody>\n<tr>\n<td width=\"50%\">\n<h3><span style=\"color: #33af49;\">\u00a0<strong>Aurora <\/strong><\/span><\/h3>\n<p style=\"text-align: justify;\"><img decoding=\"async\" loading=\"lazy\" class=\"size-thumbnail wp-image-1047 alignleft\" src=\"http:\/\/budapest.degrowth.org\/wp-content\/uploads\/sites\/2\/2016\/06\/aurora-150x150.png\" alt=\"aurora\" width=\"150\" height=\"150\" \/>The Aur\u00f3ra Civil and Community House started in the fall of 2014 as a self-sustaining social enterprise that provides space for individuals, groups and non-profit organizations working in different social, political and cultural fields to share their ideas, build new relationships and create new cooperative projects.<\/p>\n<p style=\"text-align: justify;\">The first 1,5 year of Aur\u00f3ra has proven that this model works &#8211; there is need for it, and there is a critical mass of well-skilled and committed people who are willing to engage to make it happen. Our aim is now to stabilize our functioning via organizational and infrastructural development, and to focus on community organizing among local inhabitants in the 8th district.<\/p>\n<p style=\"text-align: justify;\">Aur\u00f3ra&#8217;s goal is to maintain and develop a self-governing and self-supporting civil and community house run by volunteers, which is home to civil and community initiatives and to actively straighten grassroot-democracy.<\/p>\n<p>Visit:\u00a0<a href=\"http:\/\/auroraonline.hu\/\" target=\"_blank\">www.auroraonline.hu<\/a><\/td>\n<td>\n<h3><span style=\"color: #ed1f24;\">G\u00f3lya<\/span><\/h3>\n<p style=\"text-align: justify;\"><img decoding=\"async\" loading=\"lazy\" class=\"size-thumbnail wp-image-1048 alignleft\" src=\"http:\/\/budapest.degrowth.org\/wp-content\/uploads\/sites\/2\/2016\/06\/golya-150x150.jpg\" alt=\"golya\" width=\"150\" height=\"150\" srcset=\"https:\/\/budapest.degrowth.org\/wp-content\/uploads\/sites\/2\/2016\/06\/golya-150x150.jpg 150w, https:\/\/budapest.degrowth.org\/wp-content\/uploads\/sites\/2\/2016\/06\/golya-300x300.jpg 300w, https:\/\/budapest.degrowth.org\/wp-content\/uploads\/sites\/2\/2016\/06\/golya-768x768.jpg 768w, https:\/\/budapest.degrowth.org\/wp-content\/uploads\/sites\/2\/2016\/06\/golya.jpg 960w\" sizes=\"(max-width: 150px) 100vw, 150px\" \/>G\u00f3lya (\u201eStork\u201d in Hungarian) is a co-operative bar and community house in the 8th district of Budapest. It has a large inner space with a garden, a separate office space, a room for arts and crafts, and an attic that primarily serves as a movie theater. The bar and kitchen provide a wide selection of drinks and meals, including daily lunch menus every weekday. There are live music events every week, with other programs such as film clubs, presentations, lectures, discussions, board game playing, art exhibitions, and regular exchange markets for used products.<\/p>\n<p style=\"text-align: justify;\">G\u00f3lya is an experiment that provides an alternative in the cultural life of Budapest on how to maintain a social and cultural forum for a long time. The goal of the cooperation is to transform from a simple social area that allows an existing medium to meet, to a community house that serves the district not only as a passive space, but something that actively shapes it surrounding. By working with other socially critical organisations, G\u00f3lya aims in the long-term to become an example of civic structure able to spread throughout the country and form a national network of community houses, and to become a objective social power that has the ability to have a real impact on the society surrounding us.<\/p>\n<p style=\"text-align: justify;\">Visit:\u00a0<a href=\"http:\/\/golyapresszo.hu\/?lang=en_us\" target=\"_blank\">www.golyapresszo.hu<\/a><\/p>\n<\/td>\n<\/tr>\n<tr>\n<td>\n<h3><span style=\"color: #33af49;\">M\u0171vel\u0151d\u00e9si Szint \/\u00a0M\u00fcszi <\/span><\/h3>\n<p style=\"text-align: justify;\"><img decoding=\"async\" loading=\"lazy\" class=\"size-thumbnail wp-image-1049 alignleft\" src=\"http:\/\/budapest.degrowth.org\/wp-content\/uploads\/sites\/2\/2016\/06\/muszi-150x150.png\" alt=\"muszi\" width=\"150\" height=\"150\" \/>M\u0171vel\u0151d\u00e9si Szint (Community &amp; Art Floor, in Hungarian) or in short M\u00fcszi is an independent complex cultural space, an incubation house for artists and activists, a space hosting community arts projects, creative workshops and various cultural and social events open for the general public. M\u00fcszi is an open minded meeting place which opened its doors in September 2012, and has become a junction in the cultural life of Budapest, hosting an average of 120 various events per month.<\/p>\n<p style=\"text-align: justify;\">Streching over 2800 m2s, this presentation and events center has 35 studios for resident artists, creatives and NGOs, and 4 multifunctional event spaces, which can host up to 300 persons. We ensure a creative environment for artistic work, while also keeping in mind the ideas of social change and sustainable development. M\u00fcszi stands as an unprecedented venture in Budapest, a venue attempting to combine its artistic and social mission with business principles in a sustainable manner.<\/p>\n<p style=\"text-align: justify;\">Visit:\u00a0<a href=\"http:\/\/www.muszi.org\/?lang=en\" target=\"_blank\">www.muszi.org<\/a><\/p>\n<\/td>\n<td>\n<h3>\u00a0<span style=\"color: #ed1f24;\">Szimpla<\/span><\/h3>\n<p style=\"text-align: justify;\"><img decoding=\"async\" loading=\"lazy\" class=\"size-thumbnail wp-image-1050 alignleft\" src=\"http:\/\/budapest.degrowth.org\/wp-content\/uploads\/sites\/2\/2016\/06\/scimpla-150x150.png\" alt=\"scimpla\" width=\"150\" height=\"150\" srcset=\"https:\/\/budapest.degrowth.org\/wp-content\/uploads\/sites\/2\/2016\/06\/scimpla-150x150.png 150w, https:\/\/budapest.degrowth.org\/wp-content\/uploads\/sites\/2\/2016\/06\/scimpla.png 270w\" sizes=\"(max-width: 150px) 100vw, 150px\" \/>Szimpla defines itself as a \u2019cultural reception space\u2019, indicating intention to embrace genres and performers off the mainstream, presenting them in an informal atmosphere. Indeed, in converting an old factory into a huge open-air cinema and pub, it has shown able to create a unique framework for hosting concerts, theatre shows and many different cultural events. Moreover, with constantly supporting initiatives for urban sustainability, Szimpla has been serving as an ultimate incubation house of green ideas from the very beginning.<br \/>\nThe Szimpla lifestyle is brought to life by culture, creativity and constant change day by day. Right from the beginning, their mission is to shape their environment, making it more liveable and human friendly, by searching for the cultural treasures of Hungary and the world, by introducing and managing creative talents and their products and by implementing and operating models that help sustainable development in many walks of life.<\/p>\n<p style=\"text-align: justify;\">The Szimpla ruin pub is also a civic base. Apart from providing space every week for non-profit organisations to introduce themselves and to raise funds, it is actively participating to Budapest civic life. Szimpla mainly and actively focuses on making its street, area, district more human centred, making Kazinczy Street a pedestrian area, validating more rational urban planning principles, promoting green trends and improving sustainability. They also focus on youth activities, as a consequence of their audience composition.<\/p>\n<p style=\"text-align: justify;\">Visit:\u00a0<a href=\"http:\/\/en.szimpla.hu\/\" target=\"_blank\">www.szimpla.hu<\/a><\/p>\n<\/td>\n<\/tr>\n<tr>\n<td>\n<h3><span style=\"color: #33af49;\">Magnet Bank<\/span><\/h3>\n<p><a href=\"http:\/\/budapest.degrowth.org\/wp-content\/uploads\/sites\/2\/2016\/06\/logo-Magnet.jpg\" rel=\"attachment wp-att-1194\"><img decoding=\"async\" loading=\"lazy\" class=\" wp-image-1194 alignleft\" src=\"http:\/\/budapest.degrowth.org\/wp-content\/uploads\/sites\/2\/2016\/06\/logo-Magnet.jpg\" alt=\"logo Magnet\" width=\"164\" height=\"123\" srcset=\"https:\/\/budapest.degrowth.org\/wp-content\/uploads\/sites\/2\/2016\/06\/logo-Magnet.jpg 600w, https:\/\/budapest.degrowth.org\/wp-content\/uploads\/sites\/2\/2016\/06\/logo-Magnet-300x225.jpg 300w\" sizes=\"(max-width: 164px) 100vw, 164px\" \/><\/a>As a value-based bank, we are a community building financial institution, which aspires for active social participation together with its clients and consciously develops its environment. For this purpose, we provide connection opportunities between various interest groups, such as deposit owners, loan recipients, civil society organizations, private individuals and enterprises. We offer special decision-making rights to our clients, by which they have the opportunity to support organizations and their beneficial projects that are important to them. We believe that money is not a goal, rather an instrument.<br \/>\nVisit: <a href=\"https:\/\/www.magnetbank.hu\/en\" target=\"_blank\">https:\/\/www.magnetbank.hu\/en<\/a><\/td>\n<td>\n<h3><span style=\"color: #ed1f24;\">Latarka<\/span><\/h3>\n<p><img decoding=\"async\" loading=\"lazy\" class=\"CToWUd alignleft\" src=\"https:\/\/ci3.googleusercontent.com\/proxy\/wjm6AmcVjxBWS1rWyIWI9ds0xzOCWnKoUxWOBFMCJ-Mwwj6DZMuCvN072E5c75dl29gnr-ACR-i8LI0u2ToJDRl4RPjAA5kNVl46yTt7Ix6Xuxhkgfy2AuI5ROQvZgzxdRbgLDL-PWN-thBY-Rlg53gnI3gA99p8lcL3vRlmABliE0F2__PG0EaaWfEyQTNhrg7w8azFxosEyQ-OqPGaxr5aux1QRNcq0nlTDreJUhlKE3GAyRafmmIScScx6FnAFrKJSlLGjek6sQvgxgMmvVaj5BXn2Uz8je6OnZFNxB7-4yY2ANlpBFQ_BwQF=s0-d-e1-ft#https:\/\/fbcdn-sphotos-c-a.akamaihd.net\/hphotos-ak-xft1\/v\/t1.0-9\/10407127_355177118019456_1586444195126550024_n.png?oh=38bcf8580023bcb70659eb72edf8812e&amp;oe=5813A9DF&amp;__gda__=1482413141_59822e156717fab3a97a8b75af08a089\" alt=\"\" width=\"149\" height=\"149\" \/>The conception of LATARKA can be defined by the words: open-mindedness, dynamic and interdisciplinarity. According to open-mindedness, LATARKA is an alternative exhibit area where works of Hungarian and foreign artists can be seen.<\/p>\n<div>\n<div>Different events are connected to the exhibitions, such as concerts, professional discussions, fashion shows, movie evenings etc. When choosing the works and events emphasizing interdisciplinarity is of high importance. Diversity, combining different branches of art and provoking conversation are main principles of curatorial work.<br \/>\n<a href=\"http:\/\/latarkagaleria.blogspot.hu\/\" target=\"_blank\" data-saferedirecturl=\"https:\/\/www.google.com\/url?hl=fr&amp;q=http:\/\/latarkagaleria.blogspot.hu\/&amp;source=gmail&amp;ust=1471696763653000&amp;usg=AFQjCNFl1rvpJtRObh-Ji5jza9WHourAGA\">http:\/\/latarkagaleria.<wbr \/>blogspot.hu\/<\/a><\/div>\n<\/div>\n<\/td>\n<\/tr>\n<\/tbody>\n<\/table>\n<p><a href=\"http:\/\/budapest.degrowth.org\/wp-content\/uploads\/sites\/2\/2016\/06\/corvinus.jpg\" rel=\"attachment wp-att-1198\"><img decoding=\"async\" loading=\"lazy\" class=\"alignnone wp-image-1198 aligncenter\" src=\"http:\/\/budapest.degrowth.org\/wp-content\/uploads\/sites\/2\/2016\/06\/corvinus.jpg\" alt=\"corvinus\" width=\"274\" height=\"170\" \/><\/a><a href=\"http:\/\/budapest.degrowth.org\/wp-content\/uploads\/sites\/2\/2016\/06\/lumen.jpg\" rel=\"attachment wp-att-1199\"><img decoding=\"async\" loading=\"lazy\" class=\"alignnone wp-image-1199 aligncenter\" src=\"http:\/\/budapest.degrowth.org\/wp-content\/uploads\/sites\/2\/2016\/06\/lumen.jpg\" alt=\"lumen\" width=\"166\" height=\"166\" srcset=\"https:\/\/budapest.degrowth.org\/wp-content\/uploads\/sites\/2\/2016\/06\/lumen.jpg 236w, https:\/\/budapest.degrowth.org\/wp-content\/uploads\/sites\/2\/2016\/06\/lumen-150x150.jpg 150w\" sizes=\"(max-width: 166px) 100vw, 166px\" \/><\/a><\/p>\n","protected":false},"excerpt":{"rendered":"<p>\u00a0Aurora The Aur\u00f3ra Civil and Community House started in the fall of 2014 as a self-sustaining social enterprise that provides space for individuals, groups and non-profit organizations working in different social, political and cultural fields to share their ideas, build new relationships and create new cooperative projects. The first 1,5 [&hellip;]<\/p>\n","protected":false},"author":13,"featured_media":0,"parent":638,"menu_order":1,"comment_status":"closed","ping_status":"closed","template":"page-templates\/template-full-width.php","meta":[],"yoast_head":"<!-- This site is optimized with the Yoast SEO plugin v16.2 - https:\/\/yoast.com\/wordpress\/plugins\/seo\/ -->\n<title>Degrowth Week Partner Venues - 5th International Degrowth Conference<\/title>\n<meta name=\"robots\" content=\"index, follow, max-snippet:-1, max-image-preview:large, max-video-preview:-1\" \/>\n<link rel=\"canonical\" href=\"https:\/\/budapest.degrowth.org\/?page_id=1045\" \/>\n<meta property=\"og:locale\" content=\"en_US\" \/>\n<meta property=\"og:type\" content=\"article\" \/>\n<meta property=\"og:title\" content=\"Degrowth Week Partner Venues - 5th International Degrowth Conference\" \/>\n<meta property=\"og:description\" content=\"\u00a0Aurora The Aur\u00f3ra Civil and Community House started in the fall of 2014 as a self-sustaining social enterprise that provides space for individuals, groups and non-profit organizations working in different social, political and cultural fields to share their ideas, build new relationships and create new cooperative projects. The first 1,5 [&hellip;]\" \/>\n<meta property=\"og:url\" content=\"https:\/\/budapest.degrowth.org\/?page_id=1045\" \/>\n<meta property=\"og:site_name\" content=\"5th International Degrowth Conference\" \/>\n<meta property=\"article:modified_time\" content=\"2016-08-19T13:26:21+00:00\" \/>\n<meta property=\"og:image\" content=\"http:\/\/budapest.degrowth.org\/wp-content\/uploads\/sites\/2\/2016\/06\/aurora-150x150.png\" \/>\n<meta name=\"twitter:card\" content=\"summary\" \/>\n<meta name=\"twitter:label1\" content=\"Est. reading time\">\n\t<meta name=\"twitter:data1\" content=\"5 minutes\">\n<script type=\"application\/ld+json\" class=\"yoast-schema-graph\">{\"@context\":\"https:\/\/schema.org\",\"@graph\":[{\"@type\":\"WebSite\",\"@id\":\"https:\/\/budapest.degrowth.org\/#website\",\"url\":\"https:\/\/budapest.degrowth.org\/\",\"name\":\"5th International Degrowth Conference\",\"description\":\"\",\"potentialAction\":[{\"@type\":\"SearchAction\",\"target\":\"https:\/\/budapest.degrowth.org\/?s={search_term_string}\",\"query-input\":\"required name=search_term_string\"}],\"inLanguage\":\"en-US\"},{\"@type\":\"ImageObject\",\"@id\":\"https:\/\/budapest.degrowth.org\/?page_id=1045#primaryimage\",\"inLanguage\":\"en-US\",\"url\":\"http:\/\/budapest.degrowth.org\/wp-content\/uploads\/sites\/2\/2016\/06\/aurora-150x150.png\",\"contentUrl\":\"http:\/\/budapest.degrowth.org\/wp-content\/uploads\/sites\/2\/2016\/06\/aurora-150x150.png\"},{\"@type\":\"WebPage\",\"@id\":\"https:\/\/budapest.degrowth.org\/?page_id=1045#webpage\",\"url\":\"https:\/\/budapest.degrowth.org\/?page_id=1045\",\"name\":\"Degrowth Week Partner Venues - 5th International Degrowth Conference\",\"isPartOf\":{\"@id\":\"https:\/\/budapest.degrowth.org\/#website\"},\"primaryImageOfPage\":{\"@id\":\"https:\/\/budapest.degrowth.org\/?page_id=1045#primaryimage\"},\"datePublished\":\"2016-06-20T12:31:07+00:00\",\"dateModified\":\"2016-08-19T13:26:21+00:00\",\"breadcrumb\":{\"@id\":\"https:\/\/budapest.degrowth.org\/?page_id=1045#breadcrumb\"},\"inLanguage\":\"en-US\",\"potentialAction\":[{\"@type\":\"ReadAction\",\"target\":[\"https:\/\/budapest.degrowth.org\/?page_id=1045\"]}]},{\"@type\":\"BreadcrumbList\",\"@id\":\"https:\/\/budapest.degrowth.org\/?page_id=1045#breadcrumb\",\"itemListElement\":[{\"@type\":\"ListItem\",\"position\":1,\"item\":{\"@type\":\"WebPage\",\"@id\":\"https:\/\/budapest.degrowth.org\/\",\"url\":\"https:\/\/budapest.degrowth.org\/\",\"name\":\"Home\"}},{\"@type\":\"ListItem\",\"position\":2,\"item\":{\"@type\":\"WebPage\",\"@id\":\"https:\/\/budapest.degrowth.org\/?page_id=638\",\"url\":\"https:\/\/budapest.degrowth.org\/?page_id=638\",\"name\":\"Degrowth Week\"}},{\"@type\":\"ListItem\",\"position\":3,\"item\":{\"@id\":\"https:\/\/budapest.degrowth.org\/?page_id=1045#webpage\"}}]}]}<\/script>\n<!-- \/ Yoast SEO plugin. -->","_links":{"self":[{"href":"https:\/\/budapest.degrowth.org\/index.php?rest_route=\/wp\/v2\/pages\/1045"}],"collection":[{"href":"https:\/\/budapest.degrowth.org\/index.php?rest_route=\/wp\/v2\/pages"}],"about":[{"href":"https:\/\/budapest.degrowth.org\/index.php?rest_route=\/wp\/v2\/types\/page"}],"author":[{"embeddable":true,"href":"https:\/\/budapest.degrowth.org\/index.php?rest_route=\/wp\/v2\/users\/13"}],"replies":[{"embeddable":true,"href":"https:\/\/budapest.degrowth.org\/index.php?rest_route=%2Fwp%2Fv2%2Fcomments&post=1045"}],"version-history":[{"count":20,"href":"https:\/\/budapest.degrowth.org\/index.php?rest_route=\/wp\/v2\/pages\/1045\/revisions"}],"predecessor-version":[{"id":1213,"href":"https:\/\/budapest.degrowth.org\/index.php?rest_route=\/wp\/v2\/pages\/1045\/revisions\/1213"}],"up":[{"embeddable":true,"href":"https:\/\/budapest.degrowth.org\/index.php?rest_route=\/wp\/v2\/pages\/638"}],"wp:attachment":[{"href":"https:\/\/budapest.degrowth.org\/index.php?rest_route=%2Fwp%2Fv2%2Fmedia&parent=1045"}],"curies":[{"name":"wp","href":"https:\/\/api.w.org\/{rel}","templated":true}]}}