{"id":275,"date":"2015-12-07T09:07:36","date_gmt":"2015-12-07T09:07:36","guid":{"rendered":"http:\/\/budapest.degrowth.org\/?page_id=275"},"modified":"2017-01-11T09:59:00","modified_gmt":"2017-01-11T09:59:00","slug":"become-a-volunteer","status":"publish","type":"page","link":"https:\/\/budapest.degrowth.org\/?page_id=275","title":{"rendered":"Media"},"content":{"rendered":"<div class=\"synved-social-container synved-social-container-share\" style=\"text-align: right\"><a class=\"synved-social-button synved-social-button-share synved-social-size-16 synved-social-resolution-single synved-social-provider-facebook nolightbox\" data-provider=\"facebook\" target=\"_blank\" rel=\"nofollow\" title=\"Share on Facebook\" href=\"https:\/\/www.facebook.com\/sharer.php?u=https%3A%2F%2Fbudapest.degrowth.org%2Findex.php%3Frest_route%3D%252Fwp%252Fv2%252Fpages%252F275&#038;t=Media&#038;s=100&#038;p&#091;url&#093;=https%3A%2F%2Fbudapest.degrowth.org%2Findex.php%3Frest_route%3D%252Fwp%252Fv2%252Fpages%252F275&#038;p&#091;images&#093;&#091;0&#093;=&#038;p&#091;title&#093;=Media\" style=\"font-size: 0px; width:16px;height:16px;margin:0;margin-bottom:5px;margin-right:5px;\"><img alt=\"Facebook\" title=\"Share on Facebook\" class=\"synved-share-image synved-social-image synved-social-image-share\" width=\"16\" height=\"16\" style=\"display: inline; width:16px;height:16px; margin: 0; padding: 0; border: none; box-shadow: none;\" src=\"https:\/\/budapest.degrowth.org\/wp-content\/plugins\/social-media-feather\/synved-social\/image\/social\/regular\/32x32\/facebook.png\" \/><\/a><a class=\"synved-social-button synved-social-button-share synved-social-size-16 synved-social-resolution-single synved-social-provider-twitter nolightbox\" data-provider=\"twitter\" target=\"_blank\" rel=\"nofollow\" title=\"Share on Twitter\" href=\"https:\/\/twitter.com\/intent\/tweet?url=https%3A%2F%2Fbudapest.degrowth.org%2Findex.php%3Frest_route%3D%252Fwp%252Fv2%252Fpages%252F275&#038;text=Hey%20check%20this%20out\" style=\"font-size: 0px; width:16px;height:16px;margin:0;margin-bottom:5px;margin-right:5px;\"><img alt=\"twitter\" title=\"Share on Twitter\" class=\"synved-share-image synved-social-image synved-social-image-share\" width=\"16\" height=\"16\" style=\"display: inline; width:16px;height:16px; margin: 0; padding: 0; border: none; box-shadow: none;\" src=\"https:\/\/budapest.degrowth.org\/wp-content\/plugins\/social-media-feather\/synved-social\/image\/social\/regular\/32x32\/twitter.png\" \/><\/a><a class=\"synved-social-button synved-social-button-share synved-social-size-16 synved-social-resolution-single synved-social-provider-reddit nolightbox\" data-provider=\"reddit\" target=\"_blank\" rel=\"nofollow\" title=\"Share on Reddit\" href=\"https:\/\/www.reddit.com\/submit?url=https%3A%2F%2Fbudapest.degrowth.org%2Findex.php%3Frest_route%3D%252Fwp%252Fv2%252Fpages%252F275&#038;title=Media\" style=\"font-size: 0px; width:16px;height:16px;margin:0;margin-bottom:5px;margin-right:5px;\"><img alt=\"reddit\" title=\"Share on Reddit\" class=\"synved-share-image synved-social-image synved-social-image-share\" width=\"16\" height=\"16\" style=\"display: inline; width:16px;height:16px; margin: 0; padding: 0; border: none; box-shadow: none;\" src=\"https:\/\/budapest.degrowth.org\/wp-content\/plugins\/social-media-feather\/synved-social\/image\/social\/regular\/32x32\/reddit.png\" \/><\/a><a class=\"synved-social-button synved-social-button-share synved-social-size-16 synved-social-resolution-single synved-social-provider-pinterest nolightbox\" data-provider=\"pinterest\" target=\"_blank\" rel=\"nofollow\" title=\"Pin it with Pinterest\" href=\"https:\/\/pinterest.com\/pin\/create\/button\/?url=https%3A%2F%2Fbudapest.degrowth.org%2Findex.php%3Frest_route%3D%252Fwp%252Fv2%252Fpages%252F275&#038;media=&#038;description=Media\" style=\"font-size: 0px; width:16px;height:16px;margin:0;margin-bottom:5px;margin-right:5px;\"><img alt=\"pinterest\" title=\"Pin it with Pinterest\" class=\"synved-share-image synved-social-image synved-social-image-share\" width=\"16\" height=\"16\" style=\"display: inline; width:16px;height:16px; margin: 0; padding: 0; border: none; box-shadow: none;\" src=\"https:\/\/budapest.degrowth.org\/wp-content\/plugins\/social-media-feather\/synved-social\/image\/social\/regular\/32x32\/pinterest.png\" \/><\/a><a class=\"synved-social-button synved-social-button-share synved-social-size-16 synved-social-resolution-single synved-social-provider-linkedin nolightbox\" data-provider=\"linkedin\" target=\"_blank\" rel=\"nofollow\" title=\"Share on Linkedin\" href=\"https:\/\/www.linkedin.com\/shareArticle?mini=true&#038;url=https%3A%2F%2Fbudapest.degrowth.org%2Findex.php%3Frest_route%3D%252Fwp%252Fv2%252Fpages%252F275&#038;title=Media\" style=\"font-size: 0px; width:16px;height:16px;margin:0;margin-bottom:5px;margin-right:5px;\"><img alt=\"linkedin\" title=\"Share on Linkedin\" class=\"synved-share-image synved-social-image synved-social-image-share\" width=\"16\" height=\"16\" style=\"display: inline; width:16px;height:16px; margin: 0; padding: 0; border: none; box-shadow: none;\" src=\"https:\/\/budapest.degrowth.org\/wp-content\/plugins\/social-media-feather\/synved-social\/image\/social\/regular\/32x32\/linkedin.png\" \/><\/a><a class=\"synved-social-button synved-social-button-share synved-social-size-16 synved-social-resolution-single synved-social-provider-tumblr nolightbox\" data-provider=\"tumblr\" target=\"_blank\" rel=\"nofollow\" title=\"Share on tumblr\" href=\"https:\/\/tumblr.com\/share?s=&#038;v=3&#038;t=Media&#038;u=https%3A%2F%2Fbudapest.degrowth.org%2Findex.php%3Frest_route%3D%252Fwp%252Fv2%252Fpages%252F275\" style=\"font-size: 0px; width:16px;height:16px;margin:0;margin-bottom:5px;margin-right:5px;\"><img alt=\"tumblr\" title=\"Share on tumblr\" class=\"synved-share-image synved-social-image synved-social-image-share\" width=\"16\" height=\"16\" style=\"display: inline; width:16px;height:16px; margin: 0; padding: 0; border: none; box-shadow: none;\" src=\"https:\/\/budapest.degrowth.org\/wp-content\/plugins\/social-media-feather\/synved-social\/image\/social\/regular\/32x32\/tumblr.png\" \/><\/a><a class=\"synved-social-button synved-social-button-share synved-social-size-16 synved-social-resolution-single synved-social-provider-mail nolightbox\" data-provider=\"mail\" rel=\"nofollow\" title=\"Share by email\" href=\"mailto:?subject=Media&#038;body=Hey%20check%20this%20out:%20https%3A%2F%2Fbudapest.degrowth.org%2Findex.php%3Frest_route%3D%252Fwp%252Fv2%252Fpages%252F275\" style=\"font-size: 0px; width:16px;height:16px;margin:0;margin-bottom:5px;margin-right:5px;\"><img alt=\"mail\" title=\"Share by email\" class=\"synved-share-image synved-social-image synved-social-image-share\" width=\"16\" height=\"16\" style=\"display: inline; width:16px;height:16px; margin: 0; padding: 0; border: none; box-shadow: none;\" src=\"https:\/\/budapest.degrowth.org\/wp-content\/plugins\/social-media-feather\/synved-social\/image\/social\/regular\/32x32\/mail.png\" \/><\/a><\/div><p>Please find below a selection of articles published about the 2016 Budapest Degrowth conference:<\/p>\n<p>In English:<\/p>\n<ul>\n<li><a href=\"http:\/\/www.degrowth.de\/en\/2016\/09\/degrowth-conference-2016-ends-with-large-coverage-in-hungarian-media\/\">Degrowth Conference 2016 ends with large coverage in Hungarian media<\/a>\u00a0&#8211; Degrowth.de<\/li>\n<li class=\"headline\"><a href=\"http:\/\/www.theecologist.org\/News\/news_analysis\/2988083\/why_the_degrowth_debate_is_gaining_momentum.html\">Why the degrowth debate is gaining momentum<\/a>\u00a0&#8211; The Ecologist<\/li>\n<li class=\"headline\"><a href=\"http:\/\/www.gatewayhouse.in\/degrowth-a-bomb-word-comes-of-age\/\" target=\"_blank\">Degrowth: a \u201cbomb-word\u201d comes of age<\/a> &#8211; The Gateaway House India<\/li>\n<\/ul>\n<p>In German:<\/p>\n<ul>\n<li><a href=\"http:\/\/www.taz.de\/!5331572\/\" target=\"_blank\">Aktivist \u00fcber Degrowth-Konferenz:\u00a0\u201eDer Planet hat Grenzen\u201c<\/a>\u00a0Und\u00a0<a href=\"http:\/\/www.taz.de\/Archiv-Suche\/!5332885&amp;s=degrowth\/\" target=\"_blank\">\u00d6konom \u00fcber Degrowth-Konferenz:\u00a0\u201eWachstum wird immer schwieriger\u201c<\/a>\u00a0&#8211; taz.de<\/li>\n<li><a href=\"https:\/\/greenpeace-magazin.de\/nachrichtenarchiv\/weniger-ist-mehr-teilnehmer-der-degrowth-konferenz-erklaeren-warum\" target=\"_blank\">Weniger ist mehr \u2013 Teilnehmer der Degrowth-Konferenz erkl\u00e4ren, warum<\/a> &#8211; Greenpeace Magazin<\/li>\n<\/ul>\n<p>In French:<\/p>\n<ul>\n<li class=\"entry-title\"><a href=\"https:\/\/comptoir.org\/2016\/11\/30\/bienvenue-en-decroissance\/\" target=\"_blank\">Bienvenue en D\u00e9croissance<\/a>\u00a0&#8211; Le Comptoir<\/li>\n<li class=\"entry-title\"><a href=\"https:\/\/www.mixcloud.com\/Hu_lala\/conf%C3%A9rence-d%C3%A9croissante-r%C3%A9f%C3%A9rendum-la-hongrie-quon-aime-et-celle-qui-nous-inqui%C3%A8te\/\" target=\"_blank\">Conf\u00e9rence d\u00e9croissante &amp; r\u00e9f\u00e9rendum, la Hongrie qu&#8217;on aime et celle qui nous inqui\u00e8te<\/a> &#8211; Tilos Radio<\/li>\n<li class=\"entry-title\"><a href=\"http:\/\/hu-lala.org\/jeunes-decroissance-budapest\/\" target=\"_blank\">Tomb\u00e9s en D\u00e9croissance<\/a>\u00a0et <a href=\"http:\/\/hu-lala.org\/budapest-capitale-mondiale-de-decroissance\/\" target=\"_blank\">Budapest capitale mondiale de la d\u00e9croissance<\/a>\u00a0&#8211; Hu-lala<\/li>\n<li><a href=\"https:\/\/reporterre.net\/La-decroissance-concerne-aussi-les-pays-du-sud-et-de-l-est-constate-la\" target=\"_blank\">La D\u00e9croissance concerne aussi les pays du Sud et de l\u2019Est, constate la conf\u00e9rence de Budapest<\/a> &#8211; Reporterre<\/li>\n<\/ul>\n<p>In Italian:<\/p>\n<ul>\n<li><a href=\"http:\/\/www.repubblica.it\/ambiente\/2016\/08\/26\/news\/budapest_decrescita-146665077\/\" target=\"_blank\">&#8220;Basta consumismo, riappropriamoci del tempo&#8221;. Budapest festeggia la decrescita<\/a> &#8211; La Repubblica<\/li>\n<li class=\"post-title\"><a href=\"http:\/\/altreconomia.it\/budapest-la-capitale-della-decrescita\/\" target=\"_blank\">Budapest, la capitale della decrescita<\/a> &#8211; Altre Economia<\/li>\n<\/ul>\n<p>And in Hungarian:<\/p>\n<ul>\n<li><a href=\"http:\/\/444.hu\/2016\/09\/02\/a-valtozas-legnagyobb-gatja-elkepzelni-sem-tudjuk-hogy-lehetne-maskepp\" target=\"_blank\">A v\u00e1ltoz\u00e1s legnagyobb g\u00e1tja: elk\u00e9pzelni sem tudjuk, hogy lehetne m\u00e1sk\u00e9pp<\/a> \u00e9s\u00a0<a href=\"http:\/\/verde.444.hu\/2016\/08\/18\/interju-a-nemnovekedes-apostolaval\" target=\"_blank\">\u00daj kommunizmus? Neo-hippimozgalom? Felh\u00edv\u00e1s kir\u00e1lyakaszt\u00e1sra? Mi az a nemn\u00f6veked\u00e9s?<\/a> &#8211;\u00a0444.hu<\/li>\n<li><a href=\"http:\/\/mno.hu\/belfold\/kozossegi-kert-1359819\" target=\"_blank\">Kert\u00e9szek lept\u00e9k el az \u00e9jszaka Budapestet<\/a> &#8211; Magyar Nemzet<\/li>\n<li><a href=\"http:\/\/index.hu\/gazdasag\/2016\/08\/31\/nemnovekedes\/\" target=\"_blank\">Ne n\u00f6vekedj, provok\u00e1lj!<\/a> &#8211; Index.hu<\/li>\n<li><a href=\"http:\/\/nol.hu\/gazdasag\/nem-hippimozgalom-a-nemnovekedes-1630263\" target=\"_blank\">Nem hippik, csak realist\u00e1k egy ill\u00fazi\u00f3t kerget\u0151 vil\u00e1gban<\/a> &#8211; N\u00e9pszabadsag<\/li>\n<\/ul>\n<p>Es Radio &#8211; TV:<\/p>\n<ul>\n<li><a href=\"http:\/\/rtl.hu\/rtlklub\/hirek\/nemnovekedes-konferenciat-tartottak\" target=\"_blank\">Ne<wbr \/>mn\u00f6veked\u00e9s konferenciat tartot<wbr \/>tak<\/a> &#8211; RTL Klub<br \/>\n<a href=\"http:\/\/www.atv.hu\/videok\/video-20160902-joletet-hoz-a-nemnovekedes\" target=\"_blank\">J\u00f3l\u00e9tet hoz a nemn\u00f6veked\u00e9s?<\/a> &#8211; ATV<\/li>\n<li><a href=\"http:\/\/www.mediaklikk.hu\/2016\/08\/24\/ter-ido-okohatekonyabban-termelunk-tobbet-okohatekonyabban-fogyasztunk-tobbet\/\" target=\"_blank\">\u00d6kohat\u00e9konyabban termel\u00fcnk t\u00f6bbet, \u00f6kohat\u00e9konyabban fogyasztunk t\u00f6bbet<\/a> &#8211;\u00a0Kossuth Radio<\/li>\n<\/ul>\n<p>Feel free to send us your articles, blogpost, videos and photos.<br \/>\nJoin our <a href=\"http:\/\/agora.degrowth.net\" target=\"_blank\">agora<\/a> and <a href=\"https:\/\/www.facebook.com\/budapestdegrowth\/?fref=ts\" target=\"_blank\">follow us<\/a>.<\/p>\n","protected":false},"excerpt":{"rendered":"<p>Please find below a selection of articles published about the 2016 Budapest Degrowth conference: In English: Degrowth Conference 2016 ends with large coverage in Hungarian media\u00a0&#8211; Degrowth.de Why the degrowth debate is gaining momentum\u00a0&#8211; The Ecologist Degrowth: a \u201cbomb-word\u201d comes of age &#8211; The Gateaway House India In German: Aktivist [&hellip;]<\/p>\n","protected":false},"author":6,"featured_media":0,"parent":265,"menu_order":1,"comment_status":"closed","ping_status":"closed","template":"page-templates\/template-full-width.php","meta":[],"yoast_head":"<!-- This site is optimized with the Yoast SEO plugin v16.2 - https:\/\/yoast.com\/wordpress\/plugins\/seo\/ -->\n<title>Media - 5th International Degrowth Conference<\/title>\n<meta name=\"robots\" content=\"index, follow, max-snippet:-1, max-image-preview:large, max-video-preview:-1\" \/>\n<link rel=\"canonical\" href=\"https:\/\/budapest.degrowth.org\/?page_id=275\" \/>\n<meta property=\"og:locale\" content=\"en_US\" \/>\n<meta property=\"og:type\" content=\"article\" \/>\n<meta property=\"og:title\" content=\"Media - 5th International Degrowth Conference\" \/>\n<meta property=\"og:description\" content=\"Please find below a selection of articles published about the 2016 Budapest Degrowth conference: In English: Degrowth Conference 2016 ends with large coverage in Hungarian media\u00a0&#8211; Degrowth.de Why the degrowth debate is gaining momentum\u00a0&#8211; The Ecologist Degrowth: a \u201cbomb-word\u201d comes of age &#8211; The Gateaway House India In German: Aktivist [&hellip;]\" \/>\n<meta property=\"og:url\" content=\"https:\/\/budapest.degrowth.org\/?page_id=275\" \/>\n<meta property=\"og:site_name\" content=\"5th International Degrowth Conference\" \/>\n<meta property=\"article:modified_time\" content=\"2017-01-11T09:59:00+00:00\" \/>\n<meta name=\"twitter:card\" content=\"summary\" \/>\n<meta name=\"twitter:label1\" content=\"Est. reading time\">\n\t<meta name=\"twitter:data1\" content=\"1 minute\">\n<script type=\"application\/ld+json\" class=\"yoast-schema-graph\">{\"@context\":\"https:\/\/schema.org\",\"@graph\":[{\"@type\":\"WebSite\",\"@id\":\"https:\/\/budapest.degrowth.org\/#website\",\"url\":\"https:\/\/budapest.degrowth.org\/\",\"name\":\"5th International Degrowth Conference\",\"description\":\"\",\"potentialAction\":[{\"@type\":\"SearchAction\",\"target\":\"https:\/\/budapest.degrowth.org\/?s={search_term_string}\",\"query-input\":\"required name=search_term_string\"}],\"inLanguage\":\"en-US\"},{\"@type\":\"WebPage\",\"@id\":\"https:\/\/budapest.degrowth.org\/?page_id=275#webpage\",\"url\":\"https:\/\/budapest.degrowth.org\/?page_id=275\",\"name\":\"Media - 5th International Degrowth Conference\",\"isPartOf\":{\"@id\":\"https:\/\/budapest.degrowth.org\/#website\"},\"datePublished\":\"2015-12-07T09:07:36+00:00\",\"dateModified\":\"2017-01-11T09:59:00+00:00\",\"breadcrumb\":{\"@id\":\"https:\/\/budapest.degrowth.org\/?page_id=275#breadcrumb\"},\"inLanguage\":\"en-US\",\"potentialAction\":[{\"@type\":\"ReadAction\",\"target\":[\"https:\/\/budapest.degrowth.org\/?page_id=275\"]}]},{\"@type\":\"BreadcrumbList\",\"@id\":\"https:\/\/budapest.degrowth.org\/?page_id=275#breadcrumb\",\"itemListElement\":[{\"@type\":\"ListItem\",\"position\":1,\"item\":{\"@type\":\"WebPage\",\"@id\":\"https:\/\/budapest.degrowth.org\/\",\"url\":\"https:\/\/budapest.degrowth.org\/\",\"name\":\"Home\"}},{\"@type\":\"ListItem\",\"position\":2,\"item\":{\"@type\":\"WebPage\",\"@id\":\"https:\/\/budapest.degrowth.org\/?page_id=265\",\"url\":\"https:\/\/budapest.degrowth.org\/?page_id=265\",\"name\":\"Participate\"}},{\"@type\":\"ListItem\",\"position\":3,\"item\":{\"@id\":\"https:\/\/budapest.degrowth.org\/?page_id=275#webpage\"}}]}]}<\/script>\n<!-- \/ Yoast SEO plugin. -->","_links":{"self":[{"href":"https:\/\/budapest.degrowth.org\/index.php?rest_route=\/wp\/v2\/pages\/275"}],"collection":[{"href":"https:\/\/budapest.degrowth.org\/index.php?rest_route=\/wp\/v2\/pages"}],"about":[{"href":"https:\/\/budapest.degrowth.org\/index.php?rest_route=\/wp\/v2\/types\/page"}],"author":[{"embeddable":true,"href":"https:\/\/budapest.degrowth.org\/index.php?rest_route=\/wp\/v2\/users\/6"}],"replies":[{"embeddable":true,"href":"https:\/\/budapest.degrowth.org\/index.php?rest_route=%2Fwp%2Fv2%2Fcomments&post=275"}],"version-history":[{"count":19,"href":"https:\/\/budapest.degrowth.org\/index.php?rest_route=\/wp\/v2\/pages\/275\/revisions"}],"predecessor-version":[{"id":1454,"href":"https:\/\/budapest.degrowth.org\/index.php?rest_route=\/wp\/v2\/pages\/275\/revisions\/1454"}],"up":[{"embeddable":true,"href":"https:\/\/budapest.degrowth.org\/index.php?rest_route=\/wp\/v2\/pages\/265"}],"wp:attachment":[{"href":"https:\/\/budapest.degrowth.org\/index.php?rest_route=%2Fwp%2Fv2%2Fmedia&parent=275"}],"curies":[{"name":"wp","href":"https:\/\/api.w.org\/{rel}","templated":true}]}}