{"id":507,"date":"2016-03-07T23:10:10","date_gmt":"2016-03-07T23:10:10","guid":{"rendered":"http:\/\/budapest.degrowth.org\/?page_id=507"},"modified":"2016-04-25T17:05:58","modified_gmt":"2016-04-25T17:05:58","slug":"degrowth-week","status":"publish","type":"page","link":"https:\/\/budapest.degrowth.org\/?page_id=507","title":{"rendered":"P\u00e1ly\u00e1zati felh\u00edv\u00e1s k\u00f6zt\u00e9ri akci\u00f3kra"},"content":{"rendered":"<div class=\"synved-social-container synved-social-container-share\" style=\"text-align: right\"><a class=\"synved-social-button synved-social-button-share synved-social-size-16 synved-social-resolution-single synved-social-provider-facebook nolightbox\" data-provider=\"facebook\" target=\"_blank\" rel=\"nofollow\" title=\"Share on Facebook\" href=\"https:\/\/www.facebook.com\/sharer.php?u=https%3A%2F%2Fbudapest.degrowth.org%2Findex.php%3Frest_route%3D%252Fwp%252Fv2%252Fpages%252F507&#038;t=P%C3%A1ly%C3%A1zati%20felh%C3%ADv%C3%A1s%20k%C3%B6zt%C3%A9ri%20akci%C3%B3kra&#038;s=100&#038;p&#091;url&#093;=https%3A%2F%2Fbudapest.degrowth.org%2Findex.php%3Frest_route%3D%252Fwp%252Fv2%252Fpages%252F507&#038;p&#091;images&#093;&#091;0&#093;=http%3A%2F%2Fbudapest.degrowth.org%2Fwp-content%2Fuploads%2Fsites%2F2%2F2015%2F11%2Fgreen-snail-300x208.jpg&#038;p&#091;title&#093;=P%C3%A1ly%C3%A1zati%20felh%C3%ADv%C3%A1s%20k%C3%B6zt%C3%A9ri%20akci%C3%B3kra\" style=\"font-size: 0px; width:16px;height:16px;margin:0;margin-bottom:5px;margin-right:5px;\"><img alt=\"Facebook\" title=\"Share on Facebook\" class=\"synved-share-image synved-social-image synved-social-image-share\" width=\"16\" height=\"16\" style=\"display: inline; width:16px;height:16px; margin: 0; padding: 0; border: none; box-shadow: none;\" src=\"https:\/\/budapest.degrowth.org\/wp-content\/plugins\/social-media-feather\/synved-social\/image\/social\/regular\/32x32\/facebook.png\" \/><\/a><a class=\"synved-social-button synved-social-button-share synved-social-size-16 synved-social-resolution-single synved-social-provider-twitter nolightbox\" data-provider=\"twitter\" target=\"_blank\" rel=\"nofollow\" title=\"Share on Twitter\" href=\"https:\/\/twitter.com\/intent\/tweet?url=https%3A%2F%2Fbudapest.degrowth.org%2Findex.php%3Frest_route%3D%252Fwp%252Fv2%252Fpages%252F507&#038;text=Hey%20check%20this%20out\" style=\"font-size: 0px; width:16px;height:16px;margin:0;margin-bottom:5px;margin-right:5px;\"><img alt=\"twitter\" title=\"Share on Twitter\" class=\"synved-share-image synved-social-image synved-social-image-share\" width=\"16\" height=\"16\" style=\"display: inline; width:16px;height:16px; margin: 0; padding: 0; border: none; box-shadow: none;\" src=\"https:\/\/budapest.degrowth.org\/wp-content\/plugins\/social-media-feather\/synved-social\/image\/social\/regular\/32x32\/twitter.png\" \/><\/a><a class=\"synved-social-button synved-social-button-share synved-social-size-16 synved-social-resolution-single synved-social-provider-reddit nolightbox\" data-provider=\"reddit\" target=\"_blank\" rel=\"nofollow\" title=\"Share on Reddit\" href=\"https:\/\/www.reddit.com\/submit?url=https%3A%2F%2Fbudapest.degrowth.org%2Findex.php%3Frest_route%3D%252Fwp%252Fv2%252Fpages%252F507&#038;title=P%C3%A1ly%C3%A1zati%20felh%C3%ADv%C3%A1s%20k%C3%B6zt%C3%A9ri%20akci%C3%B3kra\" style=\"font-size: 0px; width:16px;height:16px;margin:0;margin-bottom:5px;margin-right:5px;\"><img alt=\"reddit\" title=\"Share on Reddit\" class=\"synved-share-image synved-social-image synved-social-image-share\" width=\"16\" height=\"16\" style=\"display: inline; width:16px;height:16px; margin: 0; padding: 0; border: none; box-shadow: none;\" src=\"https:\/\/budapest.degrowth.org\/wp-content\/plugins\/social-media-feather\/synved-social\/image\/social\/regular\/32x32\/reddit.png\" \/><\/a><a class=\"synved-social-button synved-social-button-share synved-social-size-16 synved-social-resolution-single synved-social-provider-pinterest nolightbox\" data-provider=\"pinterest\" target=\"_blank\" rel=\"nofollow\" title=\"Pin it with Pinterest\" href=\"https:\/\/pinterest.com\/pin\/create\/button\/?url=https%3A%2F%2Fbudapest.degrowth.org%2Findex.php%3Frest_route%3D%252Fwp%252Fv2%252Fpages%252F507&#038;media=http%3A%2F%2Fbudapest.degrowth.org%2Fwp-content%2Fuploads%2Fsites%2F2%2F2015%2F11%2Fgreen-snail-300x208.jpg&#038;description=P%C3%A1ly%C3%A1zati%20felh%C3%ADv%C3%A1s%20k%C3%B6zt%C3%A9ri%20akci%C3%B3kra\" style=\"font-size: 0px; width:16px;height:16px;margin:0;margin-bottom:5px;margin-right:5px;\"><img alt=\"pinterest\" title=\"Pin it with Pinterest\" class=\"synved-share-image synved-social-image synved-social-image-share\" width=\"16\" height=\"16\" style=\"display: inline; width:16px;height:16px; margin: 0; padding: 0; border: none; box-shadow: none;\" src=\"https:\/\/budapest.degrowth.org\/wp-content\/plugins\/social-media-feather\/synved-social\/image\/social\/regular\/32x32\/pinterest.png\" \/><\/a><a class=\"synved-social-button synved-social-button-share synved-social-size-16 synved-social-resolution-single synved-social-provider-linkedin nolightbox\" data-provider=\"linkedin\" target=\"_blank\" rel=\"nofollow\" title=\"Share on Linkedin\" href=\"https:\/\/www.linkedin.com\/shareArticle?mini=true&#038;url=https%3A%2F%2Fbudapest.degrowth.org%2Findex.php%3Frest_route%3D%252Fwp%252Fv2%252Fpages%252F507&#038;title=P%C3%A1ly%C3%A1zati%20felh%C3%ADv%C3%A1s%20k%C3%B6zt%C3%A9ri%20akci%C3%B3kra\" style=\"font-size: 0px; width:16px;height:16px;margin:0;margin-bottom:5px;margin-right:5px;\"><img alt=\"linkedin\" title=\"Share on Linkedin\" class=\"synved-share-image synved-social-image synved-social-image-share\" width=\"16\" height=\"16\" style=\"display: inline; width:16px;height:16px; margin: 0; padding: 0; border: none; box-shadow: none;\" src=\"https:\/\/budapest.degrowth.org\/wp-content\/plugins\/social-media-feather\/synved-social\/image\/social\/regular\/32x32\/linkedin.png\" \/><\/a><a class=\"synved-social-button synved-social-button-share synved-social-size-16 synved-social-resolution-single synved-social-provider-tumblr nolightbox\" data-provider=\"tumblr\" target=\"_blank\" rel=\"nofollow\" title=\"Share on tumblr\" href=\"https:\/\/tumblr.com\/share?s=&#038;v=3&#038;t=P%C3%A1ly%C3%A1zati%20felh%C3%ADv%C3%A1s%20k%C3%B6zt%C3%A9ri%20akci%C3%B3kra&#038;u=https%3A%2F%2Fbudapest.degrowth.org%2Findex.php%3Frest_route%3D%252Fwp%252Fv2%252Fpages%252F507\" style=\"font-size: 0px; width:16px;height:16px;margin:0;margin-bottom:5px;margin-right:5px;\"><img alt=\"tumblr\" title=\"Share on tumblr\" class=\"synved-share-image synved-social-image synved-social-image-share\" width=\"16\" height=\"16\" style=\"display: inline; width:16px;height:16px; margin: 0; padding: 0; border: none; box-shadow: none;\" src=\"https:\/\/budapest.degrowth.org\/wp-content\/plugins\/social-media-feather\/synved-social\/image\/social\/regular\/32x32\/tumblr.png\" \/><\/a><a class=\"synved-social-button synved-social-button-share synved-social-size-16 synved-social-resolution-single synved-social-provider-mail nolightbox\" data-provider=\"mail\" rel=\"nofollow\" title=\"Share by email\" href=\"mailto:?subject=P%C3%A1ly%C3%A1zati%20felh%C3%ADv%C3%A1s%20k%C3%B6zt%C3%A9ri%20akci%C3%B3kra&#038;body=Hey%20check%20this%20out:%20https%3A%2F%2Fbudapest.degrowth.org%2Findex.php%3Frest_route%3D%252Fwp%252Fv2%252Fpages%252F507\" style=\"font-size: 0px; width:16px;height:16px;margin:0;margin-bottom:5px;margin-right:5px;\"><img alt=\"mail\" title=\"Share by email\" class=\"synved-share-image synved-social-image synved-social-image-share\" width=\"16\" height=\"16\" style=\"display: inline; width:16px;height:16px; margin: 0; padding: 0; border: none; box-shadow: none;\" src=\"https:\/\/budapest.degrowth.org\/wp-content\/plugins\/social-media-feather\/synved-social\/image\/social\/regular\/32x32\/mail.png\" \/><\/a><\/div><h3 style=\"text-align: center\"><strong><a href=\"http:\/\/budapest.degrowth.org\/wp-content\/uploads\/sites\/2\/2015\/11\/red-snail.jpg\" rel=\"attachment wp-att-217\"><img decoding=\"async\" loading=\"lazy\" class=\"alignnone wp-image-217\" src=\"http:\/\/budapest.degrowth.org\/wp-content\/uploads\/sites\/2\/2015\/11\/red-snail-300x205.jpg\" alt=\"red snail\" width=\"60\" height=\"45\" \/><\/a>\u00a0 P\u00e1ly\u00e1zati felh\u00edv\u00e1s k\u00f6zt\u00e9ri akci\u00f3kra <a href=\"http:\/\/budapest.degrowth.org\/wp-content\/uploads\/sites\/2\/2015\/11\/green-snail.jpg\" rel=\"attachment wp-att-225\"><img decoding=\"async\" loading=\"lazy\" class=\"alignnone wp-image-225\" src=\"http:\/\/budapest.degrowth.org\/wp-content\/uploads\/sites\/2\/2015\/11\/green-snail-300x208.jpg\" alt=\"green snail\" width=\"60\" height=\"44\" \/><\/a><\/strong><\/h3>\n<div class=\"gmail_default\">\n<h2 style=\"text-align: center\"><span style=\"color: #ff0000\"><b>HOSSZABB\u00cdTVA M\u00c1JUS 1-IG!<\/b><\/span><\/h2>\n<\/div>\n<div class=\"gmail_default\">\n<p>A\u00a0<em>Nemn\u00f6veked\u00e9s\u00a0<\/em>gondolatis\u00e1g\u00e1nak legfontosabb eleme, hogy a munkamegoszt\u00e1s \u00e9sszer\u0171s\u00edt\u00e9s\u00e9vel \u00e9s a felhalmoz\u00e1s cs\u00f6kkent\u00e9s\u00e9vel \u00fajra\u00a0<em>az ember, a k\u00f6z\u00f6ss\u00e9g, a kreativit\u00e1s \u00e9s a szabadid\u0151 ker\u00fclj\u00f6n a k\u00f6z\u00e9ppontba<\/em>. Mik\u00f6zben t\u00f6bb sz\u00e1z gazdas\u00e1gi \u00e9s t\u00e1rsadalmi szak\u00e9rt\u0151 a\u00a0<em>Corvinus Egyetemen<\/em>\u00a0ennek a gyakorlati megval\u00f3s\u00edt\u00e1s\u00e1n dolgozik majd, addig mi szeretn\u00e9nk egy kis \u00edzel\u00edt\u0151t adni Budapestnek ebb\u0151l a\u00a0<em>sz\u00ednes ut\u00f3pi\u00e1b\u00f3l.<\/em><\/p>\n<\/div>\n<div class=\"gmail_default\">\n<p>V\u00e1runk valamennyi egy\u00e9ni alkot\u00f3, sportol\u00f3, szervezet, csoport, \u00f6nk\u00e9pz\u0151k\u00f6r egyedi \u00e9s megval\u00f3s\u00edthat\u00f3 \u00f6tlet\u00e9t, amely a Fesztiv\u00e1l ideje alatt egy r\u00f6vid id\u0151re \u00faj sz\u00ednt visz egy budapesti k\u00f6zt\u00e9r \u00e9let\u00e9be, \u00e9s ezzel gazdag\u00edtva a r\u00e9sztvev\u0151k \u00e9s a j\u00e1r\u00f3kel\u0151k \u00e9lm\u00e9ny\u00e9t az adott k\u00f6rny\u00e9kkel kapcsolatban. Az akci\u00f3\u00a0<em>egyszerre legfeljebb 15 percre\u00a0<\/em>veheti haszn\u00e1latba ugyanazt a k\u00f6zteret. Az akci\u00f3 t\u00f6bbsz\u00f6r megism\u00e9telhet\u0151.<\/p>\n<h2 style=\"text-align: center\"><a href=\"http:\/\/budapest.degrowth.org\/wp-content\/uploads\/sites\/2\/2016\/03\/nemnovekedes_koteripalyazat_hosszabbitott.docx\" target=\"_blank\"><u><b>Tov\u00e1bbi inform\u00e1ci\u00f3, p\u00e1ly\u00e1zati felh\u00edv\u00e1s, jelentkez\u00e9si lap<\/b><\/u><\/a><\/h2>\n<table>\n<tbody>\n<tr>\n<td>\n<p dir=\"ltr\">a megval\u00f3sul\u00e1s id\u0151pontja:<\/p>\n<\/td>\n<td>\n<p dir=\"ltr\">2016. augusztus 30-t\u0151l szeptember 3-ig<\/p>\n<\/td>\n<\/tr>\n<tr>\n<td>\n<p dir=\"ltr\">a megval\u00f3sul\u00e1s helysz\u00edne:<\/p>\n<\/td>\n<td>\n<p dir=\"ltr\">Budapest<\/p>\n<\/td>\n<\/tr>\n<tr>\n<td>\n<p dir=\"ltr\">p\u00e1ly\u00e1z\u00f3k k\u00f6re:<\/p>\n<\/td>\n<td>\n<p dir=\"ltr\">El\u0151ad\u00f3- , K\u00e9pz\u0151-, Ipar-, Konyha-, \u00c9let-, Hobbi- \u00e9s Harcm\u0171v\u00e9szek, \u00c9p\u00edt\u00e9szek, \u00cdr\u00f3k, K\u00f6lt\u0151k, Zen\u00e9szek \u00e9s Filmesek, hobbi \u00e9s profi Sportol\u00f3k<\/p>\n<\/td>\n<\/tr>\n<tr>\n<td>\n<p dir=\"ltr\">p\u00e1ly\u00e1zat lead\u00e1s\u00e1nak hat\u00e1rideje:<\/p>\n<\/td>\n<td>\n<p dir=\"ltr\">2016. m\u00e1jus 1. (\u00e9jf\u00e9l)<\/p>\n<\/td>\n<\/tr>\n<tr>\n<td>\n<p dir=\"ltr\">m\u0171faj, forma:<\/p>\n<\/td>\n<td>\n<p dir=\"ltr\">k\u00f6zt\u00e9ri akci\u00f3, install\u00e1ci\u00f3, flashmob, v\u00e1rosi s\u00e9ta, k\u00f6z\u00f6ss\u00e9gi esem\u00e9ny<\/p>\n<p dir=\"ltr\">(sportesem\u00e9ny, utcazene, k\u00f3rus, stb.)<\/p>\n<p dir=\"ltr\">id\u0151tartam: egyszerre legfeljebb 15 perc<\/p>\n<\/td>\n<\/tr>\n<tr>\n<td>\n<p dir=\"ltr\">p\u00e1ly\u00e1z\u00e1shoz sz\u00fcks\u00e9ges anyagok:<\/p>\n<\/td>\n<td>\n<p dir=\"ltr\">kit\u00f6lt\u00f6tt JELENTKEZ\u00c9SI LAP<\/p>\n<p dir=\"ltr\">(a terv le\u00edr\u00e1sa, tervezett k\u00f6lts\u00e9gvet\u00e9se, javasolt helysz\u00edne \u00e9s id\u0151pontja, megval\u00f3s\u00edt\u00e1si javaslat)<\/p>\n<\/td>\n<\/tr>\n<\/tbody>\n<\/table>\n<p dir=\"ltr\">2016-ban Magyarorsz\u00e1g ad otthont az 5. Nemzetk\u00f6zi Nemn\u00f6veked\u00e9s Konferenci\u00e1nak, amelyet k\u00e9t\u00e9vente rendeznek meg. P\u00e1rizs, Barcelona, Velence \u00e9s Lipcse ut\u00e1n 2016. augusztus 30 \u00e9s szeptember 3 k\u00f6z\u00f6tt Budapest l\u00e1tja vend\u00e9g\u00fcl a t\u00e9ma t\u00f6bb mint n\u00e9gysz\u00e1z nemzetk\u00f6zi szak\u00e9rt\u0151j\u00e9t. P\u00e1ly\u00e1zni a konferencia het\u00e9ben Budapesten megval\u00f3sul\u00f3 k\u00f6zt\u00e9ri akci\u00f3 terv\u00e9vel lehet, mely hozz\u00e1j\u00e1rul, hogy a v\u00e1ros az esem\u00e9ny idej\u00e9re egy hatalmas j\u00e1tsz\u00f3t\u00e9rr\u00e9 v\u00e1ljon.<\/p>\n<p dir=\"ltr\">A Nemn\u00f6veked\u00e9s, olyan mozgalom, ami nem akar p\u00e1rtt\u00e1 alakulni. Gondolkod\u00e1sm\u00f3d, aminek k\u00f6z\u00e9ppontj\u00e1ban nem a GDP n\u00f6veked\u00e9s, hanem az \u00fan. <a href=\"http:\/\/ecopedia.hu\/happy-planet-index\" target=\"_blank\">boldogs\u00e1g-index<\/a> \u00e1ll. Hozz\u00e1\u00e1ll\u00e1s, amely a gondolkozz glob\u00e1lisan \u00e9s cselekedj lok\u00e1lisan eszm\u00e9j\u00e9t hirdeti. Gazdas\u00e1gi modell, ami a technikai fejl\u0151d\u00e9s \u00e9rtelm\u00e9t a t\u00f6bb szabadid\u0151 \u00e9s nem a termel\u00e9s maximaliz\u00e1l\u00e1s\u00e1ban l\u00e1tja. Az els\u0151re naivnak t\u0171n\u0151 gondolatokat t\u00f6bbek k\u00f6zt olyan emberek teszik el\u00e9rhet\u0151v\u00e9, mint a nemzetk\u00f6zileg elismert k\u00f6zgazd\u00e1sz, a magyar sz\u00e1rmaz\u00e1s\u00fa <a href=\"https:\/\/en.wikipedia.org\/wiki\/Karl_Polanyi\" target=\"_blank\">Pol\u00e1nyi K\u00e1roly<\/a>, valamint Uruguay ex-eln\u00f6ke, <a href=\"https:\/\/player.vimeo.com\/video\/145521588\" target=\"_blank\">Pepe Mujica<\/a>, aki nagy val\u00f3sz\u00edn\u0171s\u00e9ggel szem\u00e9lyesen is r\u00e9szt vesz a konferenci\u00e1n.<\/p>\n<p dir=\"ltr\">A Nemn\u00f6veked\u00e9s gondolatis\u00e1g\u00e1nak legfontosabb eleme, hogy a munkamegoszt\u00e1s \u00e9sszer\u0171s\u00edt\u00e9s\u00e9vel \u00e9s a felhalmoz\u00e1s cs\u00f6kkent\u00e9s\u00e9vel \u00fajra az ember, a k\u00f6z\u00f6ss\u00e9g, a kreativit\u00e1s \u00e9s a szabadid\u0151 ker\u00fclj\u00f6n a k\u00f6z\u00e9ppontba. Mik\u00f6zben t\u00f6bb sz\u00e1z gazdas\u00e1gi \u00e9s t\u00e1rsadalmi szak\u00e9rt\u0151 a Corvinus Egyetemen ennek a gyakorlati megval\u00f3s\u00edt\u00e1s\u00e1n dolgozik majd, addig mi szeretn\u00e9nk egy kis \u00edzel\u00edt\u0151t adni Budapestnek ebb\u0151l a sz\u00ednes ut\u00f3pi\u00e1b\u00f3l.<\/p>\n<p dir=\"ltr\">V\u00e1runk valamennyi egy\u00e9ni alkot\u00f3, sportol\u00f3, szervezet, csoport, \u00f6nk\u00e9pz\u0151k\u00f6r egyedi \u00e9s megval\u00f3s\u00edthat\u00f3 \u00f6tlet\u00e9t, amely a Fesztiv\u00e1l ideje alatt egy r\u00f6vid id\u0151re \u00faj sz\u00ednt visz egy budapesti k\u00f6zt\u00e9r \u00e9let\u00e9be, \u00e9s ezzel gazdag\u00edtva a r\u00e9sztvev\u0151k \u00e9s a j\u00e1r\u00f3kel\u0151k \u00e9lm\u00e9ny\u00e9t az adott k\u00f6rny\u00e9kkel kapcsolatban. Az akci\u00f3 egyszerre legfeljebb 15 percre veheti haszn\u00e1latba ugyanazt a k\u00f6zteret. Az akci\u00f3 t\u00f6bbsz\u00f6r megism\u00e9telhet\u0151.<\/p>\n<p dir=\"ltr\">A p\u00e1ly\u00e1zat elb\u00edr\u00e1l\u00e1sa sor\u00e1n el\u0151nyt \u00e9lveznek azok a tervek, amik:<\/p>\n<p dir=\"ltr\">&#8211; k\u00f6zt\u00e9rre viszik a m\u0171v\u00e9szet \u00e9s a szabadid\u0151s tev\u00e9kenys\u00e9gek felszabad\u00edt\u00f3 erej\u00e9t<\/p>\n<p dir=\"ltr\">&#8211; interakt\u00edv m\u00f3don lehet\u0151s\u00e9get teremtenek a j\u00e1r\u00f3kel\u0151k bevon\u00e1s\u00e1ra<\/p>\n<p dir=\"ltr\">&#8211; \u00e9rintik a Nemn\u00f6veked\u00e9s \u00e1ltal felvetett valamely t\u00e9m\u00e1t<\/p>\n<p>&#8211; alacsonyabb k\u00f6lts\u00e9gvet\u00e9s\u0171 tervek<\/p>\n<\/div>\n<h2 style=\"text-align: center\"><a href=\"http:\/\/budapest.degrowth.org\/wp-content\/uploads\/sites\/2\/2016\/03\/nemnovekedes_koteripalyazat_hosszabbitott.docx\" target=\"_blank\"><u><b>Tov\u00e1bbi inform\u00e1ci\u00f3, p\u00e1ly\u00e1zati felh\u00edv\u00e1s, jelentkez\u00e9si lap<\/b><\/u><\/a><\/h2>\n<h2><\/h2>\n","protected":false},"excerpt":{"rendered":"<p>\u00a0 P\u00e1ly\u00e1zati felh\u00edv\u00e1s k\u00f6zt\u00e9ri akci\u00f3kra HOSSZABB\u00cdTVA M\u00c1JUS 1-IG! A\u00a0Nemn\u00f6veked\u00e9s\u00a0gondolatis\u00e1g\u00e1nak legfontosabb eleme, hogy a munkamegoszt\u00e1s \u00e9sszer\u0171s\u00edt\u00e9s\u00e9vel \u00e9s a felhalmoz\u00e1s cs\u00f6kkent\u00e9s\u00e9vel \u00fajra\u00a0az ember, a k\u00f6z\u00f6ss\u00e9g, a kreativit\u00e1s \u00e9s a szabadid\u0151 ker\u00fclj\u00f6n a k\u00f6z\u00e9ppontba. Mik\u00f6zben t\u00f6bb sz\u00e1z gazdas\u00e1gi \u00e9s t\u00e1rsadalmi szak\u00e9rt\u0151 a\u00a0Corvinus Egyetemen\u00a0ennek a gyakorlati megval\u00f3s\u00edt\u00e1s\u00e1n dolgozik majd, addig mi szeretn\u00e9nk egy kis [&hellip;]<\/p>\n","protected":false},"author":6,"featured_media":0,"parent":0,"menu_order":18,"comment_status":"closed","ping_status":"closed","template":"page-templates\/template-full-width.php","meta":[],"yoast_head":"<!-- This site is optimized with the Yoast SEO plugin v16.2 - https:\/\/yoast.com\/wordpress\/plugins\/seo\/ -->\n<title>P\u00e1ly\u00e1zati felh\u00edv\u00e1s k\u00f6zt\u00e9ri akci\u00f3kra - 5th International Degrowth Conference<\/title>\n<meta name=\"robots\" content=\"index, follow, max-snippet:-1, max-image-preview:large, max-video-preview:-1\" \/>\n<link rel=\"canonical\" href=\"https:\/\/budapest.degrowth.org\/?page_id=507\" \/>\n<meta property=\"og:locale\" content=\"en_US\" \/>\n<meta property=\"og:type\" content=\"article\" \/>\n<meta property=\"og:title\" content=\"P\u00e1ly\u00e1zati felh\u00edv\u00e1s k\u00f6zt\u00e9ri akci\u00f3kra - 5th International Degrowth Conference\" \/>\n<meta property=\"og:description\" content=\"\u00a0 P\u00e1ly\u00e1zati felh\u00edv\u00e1s k\u00f6zt\u00e9ri akci\u00f3kra HOSSZABB\u00cdTVA M\u00c1JUS 1-IG! A\u00a0Nemn\u00f6veked\u00e9s\u00a0gondolatis\u00e1g\u00e1nak legfontosabb eleme, hogy a munkamegoszt\u00e1s \u00e9sszer\u0171s\u00edt\u00e9s\u00e9vel \u00e9s a felhalmoz\u00e1s cs\u00f6kkent\u00e9s\u00e9vel \u00fajra\u00a0az ember, a k\u00f6z\u00f6ss\u00e9g, a kreativit\u00e1s \u00e9s a szabadid\u0151 ker\u00fclj\u00f6n a k\u00f6z\u00e9ppontba. Mik\u00f6zben t\u00f6bb sz\u00e1z gazdas\u00e1gi \u00e9s t\u00e1rsadalmi szak\u00e9rt\u0151 a\u00a0Corvinus Egyetemen\u00a0ennek a gyakorlati megval\u00f3s\u00edt\u00e1s\u00e1n dolgozik majd, addig mi szeretn\u00e9nk egy kis [&hellip;]\" \/>\n<meta property=\"og:url\" content=\"https:\/\/budapest.degrowth.org\/?page_id=507\" \/>\n<meta property=\"og:site_name\" content=\"5th International Degrowth Conference\" \/>\n<meta property=\"article:modified_time\" content=\"2016-04-25T17:05:58+00:00\" \/>\n<meta property=\"og:image\" content=\"http:\/\/budapest.degrowth.org\/wp-content\/uploads\/sites\/2\/2015\/11\/red-snail-300x205.jpg\" \/>\n<meta name=\"twitter:card\" content=\"summary\" \/>\n<meta name=\"twitter:label1\" content=\"Est. reading time\">\n\t<meta name=\"twitter:data1\" content=\"4 minutes\">\n<script type=\"application\/ld+json\" class=\"yoast-schema-graph\">{\"@context\":\"https:\/\/schema.org\",\"@graph\":[{\"@type\":\"WebSite\",\"@id\":\"https:\/\/budapest.degrowth.org\/#website\",\"url\":\"https:\/\/budapest.degrowth.org\/\",\"name\":\"5th International Degrowth Conference\",\"description\":\"\",\"potentialAction\":[{\"@type\":\"SearchAction\",\"target\":\"https:\/\/budapest.degrowth.org\/?s={search_term_string}\",\"query-input\":\"required name=search_term_string\"}],\"inLanguage\":\"en-US\"},{\"@type\":\"ImageObject\",\"@id\":\"https:\/\/budapest.degrowth.org\/?page_id=507#primaryimage\",\"inLanguage\":\"en-US\",\"url\":\"http:\/\/budapest.degrowth.org\/wp-content\/uploads\/sites\/2\/2015\/11\/red-snail-300x205.jpg\",\"contentUrl\":\"http:\/\/budapest.degrowth.org\/wp-content\/uploads\/sites\/2\/2015\/11\/red-snail-300x205.jpg\"},{\"@type\":\"WebPage\",\"@id\":\"https:\/\/budapest.degrowth.org\/?page_id=507#webpage\",\"url\":\"https:\/\/budapest.degrowth.org\/?page_id=507\",\"name\":\"P\\u00e1ly\\u00e1zati felh\\u00edv\\u00e1s k\\u00f6zt\\u00e9ri akci\\u00f3kra - 5th International Degrowth Conference\",\"isPartOf\":{\"@id\":\"https:\/\/budapest.degrowth.org\/#website\"},\"primaryImageOfPage\":{\"@id\":\"https:\/\/budapest.degrowth.org\/?page_id=507#primaryimage\"},\"datePublished\":\"2016-03-07T23:10:10+00:00\",\"dateModified\":\"2016-04-25T17:05:58+00:00\",\"breadcrumb\":{\"@id\":\"https:\/\/budapest.degrowth.org\/?page_id=507#breadcrumb\"},\"inLanguage\":\"en-US\",\"potentialAction\":[{\"@type\":\"ReadAction\",\"target\":[\"https:\/\/budapest.degrowth.org\/?page_id=507\"]}]},{\"@type\":\"BreadcrumbList\",\"@id\":\"https:\/\/budapest.degrowth.org\/?page_id=507#breadcrumb\",\"itemListElement\":[{\"@type\":\"ListItem\",\"position\":1,\"item\":{\"@type\":\"WebPage\",\"@id\":\"https:\/\/budapest.degrowth.org\/\",\"url\":\"https:\/\/budapest.degrowth.org\/\",\"name\":\"Home\"}},{\"@type\":\"ListItem\",\"position\":2,\"item\":{\"@id\":\"https:\/\/budapest.degrowth.org\/?page_id=507#webpage\"}}]}]}<\/script>\n<!-- \/ Yoast SEO plugin. -->","_links":{"self":[{"href":"https:\/\/budapest.degrowth.org\/index.php?rest_route=\/wp\/v2\/pages\/507"}],"collection":[{"href":"https:\/\/budapest.degrowth.org\/index.php?rest_route=\/wp\/v2\/pages"}],"about":[{"href":"https:\/\/budapest.degrowth.org\/index.php?rest_route=\/wp\/v2\/types\/page"}],"author":[{"embeddable":true,"href":"https:\/\/budapest.degrowth.org\/index.php?rest_route=\/wp\/v2\/users\/6"}],"replies":[{"embeddable":true,"href":"https:\/\/budapest.degrowth.org\/index.php?rest_route=%2Fwp%2Fv2%2Fcomments&post=507"}],"version-history":[{"count":20,"href":"https:\/\/budapest.degrowth.org\/index.php?rest_route=\/wp\/v2\/pages\/507\/revisions"}],"predecessor-version":[{"id":833,"href":"https:\/\/budapest.degrowth.org\/index.php?rest_route=\/wp\/v2\/pages\/507\/revisions\/833"}],"wp:attachment":[{"href":"https:\/\/budapest.degrowth.org\/index.php?rest_route=%2Fwp%2Fv2%2Fmedia&parent=507"}],"curies":[{"name":"wp","href":"https:\/\/api.w.org\/{rel}","templated":true}]}}