{"id":759,"date":"2016-04-21T14:19:49","date_gmt":"2016-04-21T14:19:49","guid":{"rendered":"http:\/\/budapest.degrowth.org\/?page_id=759"},"modified":"2017-01-09T08:37:13","modified_gmt":"2017-01-09T08:37:13","slug":"home","status":"publish","type":"page","link":"https:\/\/budapest.degrowth.org\/","title":{"rendered":""},"content":{"rendered":"<div class=\"synved-social-container synved-social-container-share\" style=\"text-align: right\"><a class=\"synved-social-button synved-social-button-share synved-social-size-16 synved-social-resolution-single synved-social-provider-facebook nolightbox\" data-provider=\"facebook\" target=\"_blank\" rel=\"nofollow\" title=\"Share on Facebook\" href=\"https:\/\/www.facebook.com\/sharer.php?u=https%3A%2F%2Fbudapest.degrowth.org%2Findex.php%3Frest_route%3D%252Fwp%252Fv2%252Fpages%252F759&#038;t=&#038;s=100&#038;p&#091;url&#093;=https%3A%2F%2Fbudapest.degrowth.org%2Findex.php%3Frest_route%3D%252Fwp%252Fv2%252Fpages%252F759&#038;p&#091;images&#093;&#091;0&#093;=http%3A%2F%2Fbudapest.degrowth.org%2Fwp-content%2Fuploads%2Fsites%2F2%2F2015%2F11%2Fred-snail.jpg&#038;p&#091;title&#093;=\" style=\"font-size: 0px; width:16px;height:16px;margin:0;margin-bottom:5px;margin-right:5px;\"><img alt=\"Facebook\" title=\"Share on Facebook\" class=\"synved-share-image synved-social-image synved-social-image-share\" width=\"16\" height=\"16\" style=\"display: inline; width:16px;height:16px; margin: 0; padding: 0; border: none; box-shadow: none;\" src=\"https:\/\/budapest.degrowth.org\/wp-content\/plugins\/social-media-feather\/synved-social\/image\/social\/regular\/32x32\/facebook.png\" \/><\/a><a class=\"synved-social-button synved-social-button-share synved-social-size-16 synved-social-resolution-single synved-social-provider-twitter nolightbox\" data-provider=\"twitter\" target=\"_blank\" rel=\"nofollow\" title=\"Share on Twitter\" href=\"https:\/\/twitter.com\/intent\/tweet?url=https%3A%2F%2Fbudapest.degrowth.org%2Findex.php%3Frest_route%3D%252Fwp%252Fv2%252Fpages%252F759&#038;text=Hey%20check%20this%20out\" style=\"font-size: 0px; width:16px;height:16px;margin:0;margin-bottom:5px;margin-right:5px;\"><img alt=\"twitter\" title=\"Share on Twitter\" class=\"synved-share-image synved-social-image synved-social-image-share\" width=\"16\" height=\"16\" style=\"display: inline; width:16px;height:16px; margin: 0; padding: 0; border: none; box-shadow: none;\" src=\"https:\/\/budapest.degrowth.org\/wp-content\/plugins\/social-media-feather\/synved-social\/image\/social\/regular\/32x32\/twitter.png\" \/><\/a><a class=\"synved-social-button synved-social-button-share synved-social-size-16 synved-social-resolution-single synved-social-provider-reddit nolightbox\" data-provider=\"reddit\" target=\"_blank\" rel=\"nofollow\" title=\"Share on Reddit\" href=\"https:\/\/www.reddit.com\/submit?url=https%3A%2F%2Fbudapest.degrowth.org%2Findex.php%3Frest_route%3D%252Fwp%252Fv2%252Fpages%252F759&#038;title=\" style=\"font-size: 0px; width:16px;height:16px;margin:0;margin-bottom:5px;margin-right:5px;\"><img alt=\"reddit\" title=\"Share on Reddit\" class=\"synved-share-image synved-social-image synved-social-image-share\" width=\"16\" height=\"16\" style=\"display: inline; width:16px;height:16px; margin: 0; padding: 0; border: none; box-shadow: none;\" src=\"https:\/\/budapest.degrowth.org\/wp-content\/plugins\/social-media-feather\/synved-social\/image\/social\/regular\/32x32\/reddit.png\" \/><\/a><a class=\"synved-social-button synved-social-button-share synved-social-size-16 synved-social-resolution-single synved-social-provider-pinterest nolightbox\" data-provider=\"pinterest\" target=\"_blank\" rel=\"nofollow\" title=\"Pin it with Pinterest\" href=\"https:\/\/pinterest.com\/pin\/create\/button\/?url=https%3A%2F%2Fbudapest.degrowth.org%2Findex.php%3Frest_route%3D%252Fwp%252Fv2%252Fpages%252F759&#038;media=http%3A%2F%2Fbudapest.degrowth.org%2Fwp-content%2Fuploads%2Fsites%2F2%2F2015%2F11%2Fred-snail.jpg&#038;description=\" style=\"font-size: 0px; width:16px;height:16px;margin:0;margin-bottom:5px;margin-right:5px;\"><img alt=\"pinterest\" title=\"Pin it with Pinterest\" class=\"synved-share-image synved-social-image synved-social-image-share\" width=\"16\" height=\"16\" style=\"display: inline; width:16px;height:16px; margin: 0; padding: 0; border: none; box-shadow: none;\" src=\"https:\/\/budapest.degrowth.org\/wp-content\/plugins\/social-media-feather\/synved-social\/image\/social\/regular\/32x32\/pinterest.png\" \/><\/a><a class=\"synved-social-button synved-social-button-share synved-social-size-16 synved-social-resolution-single synved-social-provider-linkedin nolightbox\" data-provider=\"linkedin\" target=\"_blank\" rel=\"nofollow\" title=\"Share on Linkedin\" href=\"https:\/\/www.linkedin.com\/shareArticle?mini=true&#038;url=https%3A%2F%2Fbudapest.degrowth.org%2Findex.php%3Frest_route%3D%252Fwp%252Fv2%252Fpages%252F759&#038;title=\" style=\"font-size: 0px; width:16px;height:16px;margin:0;margin-bottom:5px;margin-right:5px;\"><img alt=\"linkedin\" title=\"Share on Linkedin\" class=\"synved-share-image synved-social-image synved-social-image-share\" width=\"16\" height=\"16\" style=\"display: inline; width:16px;height:16px; margin: 0; padding: 0; border: none; box-shadow: none;\" src=\"https:\/\/budapest.degrowth.org\/wp-content\/plugins\/social-media-feather\/synved-social\/image\/social\/regular\/32x32\/linkedin.png\" \/><\/a><a class=\"synved-social-button synved-social-button-share synved-social-size-16 synved-social-resolution-single synved-social-provider-tumblr nolightbox\" data-provider=\"tumblr\" target=\"_blank\" rel=\"nofollow\" title=\"Share on tumblr\" href=\"https:\/\/tumblr.com\/share?s=&#038;v=3&#038;t=&#038;u=https%3A%2F%2Fbudapest.degrowth.org%2Findex.php%3Frest_route%3D%252Fwp%252Fv2%252Fpages%252F759\" style=\"font-size: 0px; width:16px;height:16px;margin:0;margin-bottom:5px;margin-right:5px;\"><img alt=\"tumblr\" title=\"Share on tumblr\" class=\"synved-share-image synved-social-image synved-social-image-share\" width=\"16\" height=\"16\" style=\"display: inline; width:16px;height:16px; margin: 0; padding: 0; border: none; box-shadow: none;\" src=\"https:\/\/budapest.degrowth.org\/wp-content\/plugins\/social-media-feather\/synved-social\/image\/social\/regular\/32x32\/tumblr.png\" \/><\/a><a class=\"synved-social-button synved-social-button-share synved-social-size-16 synved-social-resolution-single synved-social-provider-mail nolightbox\" data-provider=\"mail\" rel=\"nofollow\" title=\"Share by email\" href=\"mailto:?subject=&#038;body=Hey%20check%20this%20out:%20https%3A%2F%2Fbudapest.degrowth.org%2Findex.php%3Frest_route%3D%252Fwp%252Fv2%252Fpages%252F759\" style=\"font-size: 0px; width:16px;height:16px;margin:0;margin-bottom:5px;margin-right:5px;\"><img alt=\"mail\" title=\"Share by email\" class=\"synved-share-image synved-social-image synved-social-image-share\" width=\"16\" height=\"16\" style=\"display: inline; width:16px;height:16px; margin: 0; padding: 0; border: none; box-shadow: none;\" src=\"https:\/\/budapest.degrowth.org\/wp-content\/plugins\/social-media-feather\/synved-social\/image\/social\/regular\/32x32\/mail.png\" \/><\/a><\/div><table style=\"border-bottom: 0px solid black;\">\n<tbody>\n<tr>\n<td style=\"border-top-width: 0px; border-top-style: solid; border-top-color: black;\">\n<div class=\"gmail_quote\">\n<div class=\"gmail_quote\">\n<div class=\"gmail_quote\">\n<div class=\"gmail_quote\">\n<div class=\"gmail_quote\">\n<div dir=\"ltr\">\n<p style=\"text-align: center;\"><strong>Budapest Degrowth Conference:\u00a0creating new visions<\/strong><\/p>\n<p style=\"text-align: left;\">More than 600 people from all around the world participated to the 5th International Degrowth Conference in Budapest. For the first time, an open festival was also organized, the <a href=\"http:\/\/budapest.degrowth.org\/?page_id=638\" target=\"_blank\">Budapest Degrowth Week<\/a>, which gathered thousands of people in various partner locations throughout the city. Tours, artistic performances, workshops, panel discussions, and concerts were organized based on the logic of dialogue where the Degrowth community could connect with our partners, friends and also Budapest residents.<\/p>\n<p><span style=\"font-weight: 400;\">These events have been organized according to Degrowth principles: cooperation with local food and beverage producers, non-violent communication, transparency and direct democracy, involvement of a wide diversity of partners, organizers and participants, and aliances and dialogue between different actors across various spectrums. We have also implemented new open source platforms and communication space, where you can <\/span><a href=\"http:\/\/agora.degrowth.net\" target=\"_blank\"><span style=\"font-weight: 400;\">share any comments, documents or media<\/span><\/a><span style=\"font-weight: 400;\">.<\/span><\/p>\n<p>Please find more details in the <a href=\"http:\/\/budapest.degrowth.org\/wp-content\/uploads\/sites\/2\/2017\/01\/Budapest-Degrowth-Conference-Report.pdf\" target=\"_blank\">Budapest Degrowth Conference Report<\/a>.<\/p>\n<p><span style=\"font-weight: 400;\">Through its organisation and also during the entire week Degrowth has been experimented and experienced in practice connecting the theory to the practice. Several questions have been raised: is Degrowth a movement, a network? What are future possibilities for interactions between the local and the global? How can more functional alliances be created? What will become the governing narrative for Degrowth? Some answers and discussions centered on these issues can be found on our Website: <\/span><a href=\"https:\/\/www.youtube.com\/playlist?list=PL9OIfSnjlF8R0pppEyLJHx6fuhR0ogvPx\" target=\"_blank\"><span style=\"font-weight: 400;\">videos<\/span><\/a><span style=\"font-weight: 400;\">, <\/span><a href=\"https:\/\/scriptum.degrowth.net\/en\/DG2016\/public\/events\" target=\"_blank\"><span style=\"font-weight: 400;\">presentations, papers<\/span><\/a><span style=\"font-weight: 400;\">.<\/span><\/p>\n<p><span style=\"font-weight: 400;\">More than 100 interviews have been made with <\/span><a href=\"http:\/\/budapest.degrowth.org\/?page_id=275\"><span style=\"font-weight: 400;\">Hungarian and international media<\/span><\/a><span style=\"font-weight: 400;\">.<\/span><\/p>\n<p><span style=\"font-weight: 400;\">We would like to thank all our partners and participants.<\/span><\/p>\n<p><span style=\"font-weight: 400;\">We extend thanks to everyone, thank you friends and neighbors in Budapest and beyond, the dialogue keeps going.<\/span><\/p>\n<\/div>\n<\/div>\n<\/div>\n<\/div>\n<\/div>\n<\/div>\n<div class=\"gmail_quote\">\n<div class=\"gmail_quote\">\n<div class=\"gmail_quote\">\n<div class=\"gmail_quote\">\n<p><em><strong><span style=\"color: #555555; font-family: inherit;\">Your\u00a0Budapest Degrowth\u00a0<\/span><a href=\"http:\/\/budapest.degrowth.org\/?page_id=310\" target=\"_blank\" data-saferedirecturl=\"https:\/\/www.google.com\/url?hl=fr&amp;q=http:\/\/budapest.degrowth.org\/?page_id%3D310&amp;source=gmail&amp;ust=1466677812505000&amp;usg=AFQjCNFzI6HH3eZkUDCY1j29amtWcTJH2w\">conference team<\/a><br \/>\n<span style=\"color: #555555; font-family: 'Open Sans', sans-serif;\"><a href=\"http:\/\/budapest.degrowth.org\/\" target=\"_blank\" data-saferedirecturl=\"https:\/\/www.google.com\/url?hl=fr&amp;q=http:\/\/budapest.degrowth.org\/&amp;source=gmail&amp;ust=1466677812505000&amp;usg=AFQjCNErrKfhk1ABtGExKRv8lzbju_5Psw\">http:\/\/budapest.degrowth.org\/<\/a><\/span><\/strong><\/em><\/p>\n<p>&nbsp;<\/p>\n<\/div>\n<\/div>\n<\/div>\n<\/div>\n<div class=\"gmail_quote\">\n<div class=\"gmail_quote\">\n<div dir=\"ltr\">\n<p style=\"text-align: center;\"><i><span style=\"font-weight: 400;\"><img decoding=\"async\" loading=\"lazy\" class=\"wp-image-217 alignleft\" src=\"http:\/\/budapest.degrowth.org\/wp-content\/uploads\/sites\/2\/2015\/11\/red-snail.jpg\" alt=\"red snail\" width=\"76\" height=\"52\" srcset=\"https:\/\/budapest.degrowth.org\/wp-content\/uploads\/sites\/2\/2015\/11\/red-snail.jpg 337w, https:\/\/budapest.degrowth.org\/wp-content\/uploads\/sites\/2\/2015\/11\/red-snail-300x205.jpg 300w\" sizes=\"(max-width: 76px) 100vw, 76px\" \/><\/span><\/i><\/p>\n<\/div>\n<\/div>\n<\/div>\n<div class=\"gmail_quote\">\n<div dir=\"ltr\">\n<p style=\"text-align: center;\"><i><span style=\"font-weight: 400;\"><i><span style=\"font-weight: 400;\"><img decoding=\"async\" loading=\"lazy\" class=\"wp-image-225 alignright\" src=\"http:\/\/budapest.degrowth.org\/wp-content\/uploads\/sites\/2\/2015\/11\/green-snail.jpg\" alt=\"green snail\" width=\"69\" height=\"48\" srcset=\"https:\/\/budapest.degrowth.org\/wp-content\/uploads\/sites\/2\/2015\/11\/green-snail.jpg 335w, https:\/\/budapest.degrowth.org\/wp-content\/uploads\/sites\/2\/2015\/11\/green-snail-300x208.jpg 300w\" sizes=\"(max-width: 69px) 100vw, 69px\" \/><\/span><\/i><\/span><\/i><span style=\"font-weight: 400;\">WHAT IS DEGROWTH?<\/span><\/p>\n<p><a href=\"http:\/\/budapest.degrowth.org\/?page_id=18\">Degrowth<\/a> has emerged over the last 10 years. This provocative slogan has been used to inspire in-depth debates on whether infinite growth in a finite world is desirable or even possible. The main goal of the Budapest Degrowth conference and week is on one hand to question the physical, cultural and symbolic limits to growth in understanding the challenges faced by our societies and on the other hand to implement dialogue about solutions on different levels.<\/p>\n<\/div>\n<\/div>\n<\/td>\n<td style=\"border-left: 1px solid #d3d3d3; background-color: #fafafa; border-bottom: 1px solid #d3d3d3;\"><a href=\"http:\/\/budapest.degrowth.org\/wp-content\/uploads\/sites\/2\/2017\/01\/Budapest-Degrowth-Conference-Report.pdf\" target=\"_blank\">Budapest Degrowth Conference Report<\/a>.<\/p>\n<p><a href=\"https:\/\/scriptum.degrowth.net\/en\/DG2016\/public\/schedule\" target=\"_blank\">Programme of the conference (and all the abstracts, articles, presentations).<\/a><\/p>\n<p><a href=\"http:\/\/budapest.degrowth.org\/wp-content\/uploads\/sites\/2\/2016\/11\/Budapest-Degrowth-Week.pdf\" target=\"_blank\">Programme of\u00a0the degrowth week \u00a0|\u00a0Nemn\u00f6vek\u00e9des H\u00e9t Program<\/a><\/p>\n<div dir=\"ltr\">Please find our\u00a0<a href=\"https:\/\/www.youtube.com\/playlist?list=PL9OIfSnjlF8R0pppEyLJHx6fuhR0ogvPx\">videos<\/a>, <a href=\"https:\/\/scriptum.degrowth.net\/en\/DG2016\/public\/events\">presentations, papers<\/a>\u00a0and also a lot of photos on our <a href=\"https:\/\/www.facebook.com\/budapestdegrowth\/?fref=ts\" target=\"_blank\">community page<\/a>.<\/div>\n<div dir=\"ltr\"><\/div>\n<div dir=\"ltr\"><a href=\"http:\/\/budapest.degrowth.org\/?page_id=275\" target=\"_blank\">Degrowth Conference in the Media<\/a>.<\/div>\n[efb_likebox fanpage_url=&#8221;budapestdegrowth&#8221; box_width=&#8221;250&#8243; box_height=&#8221;&#8221; locale=&#8221;en_US&#8221; responsive=&#8221;1&#8243; show_faces=&#8221;1&#8243; show_stream=&#8221;1&#8243; hide_cover=&#8221;1&#8243; small_header=&#8221;1&#8243; hide_cta=&#8221;1&#8243; ]<\/td>\n<\/tr>\n<\/tbody>\n<\/table>\n<p>&nbsp;<\/p>\n","protected":false},"excerpt":{"rendered":"<p>Budapest Degrowth Conference:\u00a0creating new visions More than 600 people from all around the world participated to the 5th International Degrowth Conference in Budapest. For the first time, an open festival was also organized, the Budapest Degrowth Week, which gathered thousands of people in various partner locations throughout the city. Tours, [&hellip;]<\/p>\n","protected":false},"author":6,"featured_media":0,"parent":0,"menu_order":4,"comment_status":"closed","ping_status":"closed","template":"page-templates\/template-full-width.php","meta":[],"yoast_head":"<!-- This site is optimized with the Yoast SEO plugin v16.2 - https:\/\/yoast.com\/wordpress\/plugins\/seo\/ -->\n<title>- 5th International Degrowth Conference<\/title>\n<meta name=\"robots\" content=\"index, follow, max-snippet:-1, max-image-preview:large, max-video-preview:-1\" \/>\n<link rel=\"canonical\" href=\"https:\/\/budapest.degrowth.org\/\" \/>\n<meta property=\"og:locale\" content=\"en_US\" \/>\n<meta property=\"og:type\" content=\"article\" \/>\n<meta property=\"og:title\" content=\"- 5th International Degrowth Conference\" \/>\n<meta property=\"og:description\" content=\"Budapest Degrowth Conference:\u00a0creating new visions More than 600 people from all around the world participated to the 5th International Degrowth Conference in Budapest. For the first time, an open festival was also organized, the Budapest Degrowth Week, which gathered thousands of people in various partner locations throughout the city. Tours, [&hellip;]\" \/>\n<meta property=\"og:url\" content=\"https:\/\/budapest.degrowth.org\/\" \/>\n<meta property=\"og:site_name\" content=\"5th International Degrowth Conference\" \/>\n<meta property=\"article:modified_time\" content=\"2017-01-09T08:37:13+00:00\" \/>\n<meta property=\"og:image\" content=\"http:\/\/budapest.degrowth.org\/wp-content\/uploads\/sites\/2\/2015\/11\/red-snail.jpg\" \/>\n<meta name=\"twitter:card\" content=\"summary\" \/>\n<meta name=\"twitter:label1\" content=\"Est. reading time\">\n\t<meta name=\"twitter:data1\" content=\"2 minutes\">\n<script type=\"application\/ld+json\" class=\"yoast-schema-graph\">{\"@context\":\"https:\/\/schema.org\",\"@graph\":[{\"@type\":\"WebSite\",\"@id\":\"https:\/\/budapest.degrowth.org\/#website\",\"url\":\"https:\/\/budapest.degrowth.org\/\",\"name\":\"5th International Degrowth Conference\",\"description\":\"\",\"potentialAction\":[{\"@type\":\"SearchAction\",\"target\":\"https:\/\/budapest.degrowth.org\/?s={search_term_string}\",\"query-input\":\"required name=search_term_string\"}],\"inLanguage\":\"en-US\"},{\"@type\":\"ImageObject\",\"@id\":\"https:\/\/budapest.degrowth.org\/#primaryimage\",\"inLanguage\":\"en-US\",\"url\":\"http:\/\/budapest.degrowth.org\/wp-content\/uploads\/sites\/2\/2015\/11\/red-snail.jpg\",\"contentUrl\":\"http:\/\/budapest.degrowth.org\/wp-content\/uploads\/sites\/2\/2015\/11\/red-snail.jpg\"},{\"@type\":\"WebPage\",\"@id\":\"https:\/\/budapest.degrowth.org\/#webpage\",\"url\":\"https:\/\/budapest.degrowth.org\/\",\"name\":\"- 5th International Degrowth Conference\",\"isPartOf\":{\"@id\":\"https:\/\/budapest.degrowth.org\/#website\"},\"primaryImageOfPage\":{\"@id\":\"https:\/\/budapest.degrowth.org\/#primaryimage\"},\"datePublished\":\"2016-04-21T14:19:49+00:00\",\"dateModified\":\"2017-01-09T08:37:13+00:00\",\"breadcrumb\":{\"@id\":\"https:\/\/budapest.degrowth.org\/#breadcrumb\"},\"inLanguage\":\"en-US\",\"potentialAction\":[{\"@type\":\"ReadAction\",\"target\":[\"https:\/\/budapest.degrowth.org\/\"]}]},{\"@type\":\"BreadcrumbList\",\"@id\":\"https:\/\/budapest.degrowth.org\/#breadcrumb\",\"itemListElement\":[{\"@type\":\"ListItem\",\"position\":1,\"item\":{\"@type\":\"WebPage\",\"@id\":\"https:\/\/budapest.degrowth.org\/\",\"url\":\"https:\/\/budapest.degrowth.org\/\",\"name\":\"Home\"}},{\"@type\":\"ListItem\",\"position\":2,\"item\":{\"@id\":\"https:\/\/budapest.degrowth.org\/#webpage\"}}]}]}<\/script>\n<!-- \/ Yoast SEO plugin. -->","_links":{"self":[{"href":"https:\/\/budapest.degrowth.org\/index.php?rest_route=\/wp\/v2\/pages\/759"}],"collection":[{"href":"https:\/\/budapest.degrowth.org\/index.php?rest_route=\/wp\/v2\/pages"}],"about":[{"href":"https:\/\/budapest.degrowth.org\/index.php?rest_route=\/wp\/v2\/types\/page"}],"author":[{"embeddable":true,"href":"https:\/\/budapest.degrowth.org\/index.php?rest_route=\/wp\/v2\/users\/6"}],"replies":[{"embeddable":true,"href":"https:\/\/budapest.degrowth.org\/index.php?rest_route=%2Fwp%2Fv2%2Fcomments&post=759"}],"version-history":[{"count":128,"href":"https:\/\/budapest.degrowth.org\/index.php?rest_route=\/wp\/v2\/pages\/759\/revisions"}],"predecessor-version":[{"id":1451,"href":"https:\/\/budapest.degrowth.org\/index.php?rest_route=\/wp\/v2\/pages\/759\/revisions\/1451"}],"wp:attachment":[{"href":"https:\/\/budapest.degrowth.org\/index.php?rest_route=%2Fwp%2Fv2%2Fmedia&parent=759"}],"curies":[{"name":"wp","href":"https:\/\/api.w.org\/{rel}","templated":true}]}}